{"id":2040,"date":"2025-06-19T19:32:09","date_gmt":"2025-06-19T19:32:09","guid":{"rendered":"https:\/\/tacklehockey.migracionesbgweb.com\/producto\/mini-freddie-black\/"},"modified":"2025-11-30T12:15:26","modified_gmt":"2025-11-30T11:15:26","slug":"mini-freddie-black","status":"publish","type":"product","link":"https:\/\/tacklehockey.es\/nl\/producto\/mini-freddie-black\/","title":{"rendered":"Mochila MINI FREDDIE BLACK"},"content":{"rendered":"<p>La mochila mini Freddie black de Gryphon es ideal para proteger tus accesorios. La tela de poli\u00e9ster impermeable asegura que tus pertenencias est\u00e9n protegidas. Adem\u00e1s, su resistencia mantiene la bolsa segura.<\/p>\n<p>Dise\u00f1ada para viajes a los campos de hockey, la mochila Freddie tiene una capacidad de 17 litros en compartimentos funcionales y organizados.<\/p>\n<p>Podr\u00e1s llevar tu botella de agua y tu stick de hockey en los bolsillos laterales ajustables para mayor comodidad sin usar las manos.<\/p>\n","protected":false},"excerpt":{"rendered":"<p>La mochila mini Freddie black de Gryphon es ideal para proteger tus accesorios. La tela de poli\u00e9ster impermeable asegura que tus pertenencias est\u00e9n protegidas. Adem\u00e1s, su resistencia mantiene la bolsa segura. Dise\u00f1ada para viajes a los campos de hockey, la mochila Freddie tiene una capacidad de 17 litros en compartimentos funcionales y organizados. Podr\u00e1s llevar [&hellip;]<\/p>\n","protected":false},"featured_media":7700,"template":"","meta":[],"product_brand":[142],"product_cat":[43,126],"product_tag":[],"class_list":{"0":"post-2040","1":"product","2":"type-product","3":"status-publish","4":"has-post-thumbnail","6":"product_brand-gryphon","7":"product_cat-fundas-hockey","8":"product_cat-mochilas","10":"first","11":"instock","12":"shipping-taxable","13":"purchasable","14":"product-type-simple"},"yoast_head":"<!-- This site is optimized with the Yoast SEO plugin v27.3 - https:\/\/yoast.com\/product\/yoast-seo-wordpress\/ -->\n<title>Mochila MINI FREDDIE BLACK | Mochilas Hockey | Tackle Hockey<\/title>\n<meta name=\"description\" content=\"Mochila mini Freddie black de Gryphon fabricada en tela de poli\u00e9ster impermeable. Su resistencia mantiene la bolsa segura. Disponible en varios colores.\" \/>\n<meta name=\"robots\" content=\"index, follow, max-snippet:-1, max-image-preview:large, max-video-preview:-1\" \/>\n<link rel=\"canonical\" href=\"https:\/\/tacklehockey.es\/nl\/producto\/mini-freddie-black\/\" \/>\n<meta property=\"og:locale\" content=\"nl_NL\" \/>\n<meta property=\"og:type\" content=\"article\" \/>\n<meta property=\"og:title\" content=\"Mochila MINI FREDDIE BLACK | Mochilas Hockey | Tackle Hockey\" \/>\n<meta property=\"og:description\" content=\"Mochila mini Freddie black de Gryphon fabricada en tela de poli\u00e9ster impermeable. Su resistencia mantiene la bolsa segura. Disponible en varios colores.\" \/>\n<meta property=\"og:url\" content=\"https:\/\/tacklehockey.es\/nl\/producto\/mini-freddie-black\/\" \/>\n<meta property=\"og:site_name\" content=\"Tackle Hockey\" \/>\n<meta property=\"article:modified_time\" content=\"2025-11-30T11:15:26+00:00\" \/>\n<meta property=\"og:image\" content=\"https:\/\/tacklehockey.es\/wp-content\/uploads\/2025\/06\/Mochila-Freddie-Black.jpg\" \/>\n\t<meta property=\"og:image:width\" content=\"800\" \/>\n\t<meta property=\"og:image:height\" content=\"800\" \/>\n\t<meta property=\"og:image:type\" content=\"image\/jpeg\" \/>\n<meta name=\"twitter:card\" content=\"summary_large_image\" \/>\n<meta name=\"twitter:title\" content=\"Mochila MINI FREDDIE BLACK | Mochilas Hockey | Tackle Hockey\" \/>\n<meta name=\"twitter:description\" content=\"Mochila mini Freddie black de Gryphon fabricada en tela de poli\u00e9ster impermeable. Su resistencia mantiene la bolsa segura. Disponible en varios colores.\" \/>\n<meta name=\"twitter:image\" content=\"https:\/\/tacklehockey.es\/wp-content\/uploads\/2025\/06\/Mochila-Freddie-Black.jpg\" \/>\n<meta name=\"twitter:label1\" content=\"Geschatte leestijd\" \/>\n\t<meta name=\"twitter:data1\" content=\"1 minuut\" \/>\n<script type=\"application\/ld+json\" class=\"yoast-schema-graph\">{\"@context\":\"https:\\\/\\\/schema.org\",\"@graph\":[{\"@type\":\"WebPage\",\"@id\":\"https:\\\/\\\/tacklehockey.es\\\/nl\\\/producto\\\/mini-freddie-black\\\/\",\"url\":\"https:\\\/\\\/tacklehockey.es\\\/nl\\\/producto\\\/mini-freddie-black\\\/\",\"name\":\"Mochila MINI FREDDIE BLACK | Mochilas Hockey | Tackle Hockey\",\"isPartOf\":{\"@id\":\"https:\\\/\\\/tacklehockey.es\\\/nl\\\/#website\"},\"primaryImageOfPage\":{\"@id\":\"https:\\\/\\\/tacklehockey.es\\\/nl\\\/producto\\\/mini-freddie-black\\\/#primaryimage\"},\"image\":{\"@id\":\"https:\\\/\\\/tacklehockey.es\\\/nl\\\/producto\\\/mini-freddie-black\\\/#primaryimage\"},\"thumbnailUrl\":\"https:\\\/\\\/tacklehockey.es\\\/wp-content\\\/uploads\\\/2025\\\/06\\\/MINI-FREDDIE-MF-BLACK-1.jpeg\",\"datePublished\":\"2025-06-19T19:32:09+00:00\",\"dateModified\":\"2025-11-30T11:15:26+00:00\",\"description\":\"Mochila mini Freddie black de Gryphon fabricada en tela de poli\u00e9ster impermeable. Su resistencia mantiene la bolsa segura. Disponible en varios colores.\",\"breadcrumb\":{\"@id\":\"https:\\\/\\\/tacklehockey.es\\\/nl\\\/producto\\\/mini-freddie-black\\\/#breadcrumb\"},\"inLanguage\":\"nl-NL\",\"potentialAction\":[{\"@type\":\"ReadAction\",\"target\":[\"https:\\\/\\\/tacklehockey.es\\\/nl\\\/producto\\\/mini-freddie-black\\\/\"]}]},{\"@type\":\"ImageObject\",\"inLanguage\":\"nl-NL\",\"@id\":\"https:\\\/\\\/tacklehockey.es\\\/nl\\\/producto\\\/mini-freddie-black\\\/#primaryimage\",\"url\":\"https:\\\/\\\/tacklehockey.es\\\/wp-content\\\/uploads\\\/2025\\\/06\\\/MINI-FREDDIE-MF-BLACK-1.jpeg\",\"contentUrl\":\"https:\\\/\\\/tacklehockey.es\\\/wp-content\\\/uploads\\\/2025\\\/06\\\/MINI-FREDDIE-MF-BLACK-1.jpeg\",\"width\":1181,\"height\":1699},{\"@type\":\"BreadcrumbList\",\"@id\":\"https:\\\/\\\/tacklehockey.es\\\/nl\\\/producto\\\/mini-freddie-black\\\/#breadcrumb\",\"itemListElement\":[{\"@type\":\"ListItem\",\"position\":1,\"name\":\"Portada\",\"item\":\"https:\\\/\\\/tacklehockey.es\\\/nl\\\/\"},{\"@type\":\"ListItem\",\"position\":2,\"name\":\"Winkel\",\"item\":\"https:\\\/\\\/tacklehockey.es\\\/shop\\\/\"},{\"@type\":\"ListItem\",\"position\":3,\"name\":\"Mochila MINI FREDDIE BLACK\"}]},{\"@type\":\"WebSite\",\"@id\":\"https:\\\/\\\/tacklehockey.es\\\/nl\\\/#website\",\"url\":\"https:\\\/\\\/tacklehockey.es\\\/nl\\\/\",\"name\":\"Tackle Hockey\",\"description\":\"Tienda de art\u00edculos de hockey hierba\",\"potentialAction\":[{\"@type\":\"SearchAction\",\"target\":{\"@type\":\"EntryPoint\",\"urlTemplate\":\"https:\\\/\\\/tacklehockey.es\\\/nl\\\/?s={search_term_string}\"},\"query-input\":{\"@type\":\"PropertyValueSpecification\",\"valueRequired\":true,\"valueName\":\"search_term_string\"}}],\"inLanguage\":\"nl-NL\"}]}<\/script>\n<!-- \/ Yoast SEO plugin. -->","yoast_head_json":{"title":"Mochila MINI FREDDIE BLACK | Mochilas Hockey | Tackle Hockey","description":"Mochila mini Freddie black de Gryphon fabricada en tela de poli\u00e9ster impermeable. Su resistencia mantiene la bolsa segura. Disponible en varios colores.","robots":{"index":"index","follow":"follow","max-snippet":"max-snippet:-1","max-image-preview":"max-image-preview:large","max-video-preview":"max-video-preview:-1"},"canonical":"https:\/\/tacklehockey.es\/nl\/producto\/mini-freddie-black\/","og_locale":"nl_NL","og_type":"article","og_title":"Mochila MINI FREDDIE BLACK | Mochilas Hockey | Tackle Hockey","og_description":"Mochila mini Freddie black de Gryphon fabricada en tela de poli\u00e9ster impermeable. Su resistencia mantiene la bolsa segura. Disponible en varios colores.","og_url":"https:\/\/tacklehockey.es\/nl\/producto\/mini-freddie-black\/","og_site_name":"Tackle Hockey","article_modified_time":"2025-11-30T11:15:26+00:00","og_image":[{"width":800,"height":800,"url":"https:\/\/tacklehockey.es\/wp-content\/uploads\/2025\/06\/Mochila-Freddie-Black.jpg","type":"image\/jpeg"}],"twitter_card":"summary_large_image","twitter_title":"Mochila MINI FREDDIE BLACK | Mochilas Hockey | Tackle Hockey","twitter_description":"Mochila mini Freddie black de Gryphon fabricada en tela de poli\u00e9ster impermeable. Su resistencia mantiene la bolsa segura. Disponible en varios colores.","twitter_image":"https:\/\/tacklehockey.es\/wp-content\/uploads\/2025\/06\/Mochila-Freddie-Black.jpg","twitter_misc":{"Geschatte leestijd":"1 minuut"},"schema":{"@context":"https:\/\/schema.org","@graph":[{"@type":"WebPage","@id":"https:\/\/tacklehockey.es\/nl\/producto\/mini-freddie-black\/","url":"https:\/\/tacklehockey.es\/nl\/producto\/mini-freddie-black\/","name":"Mochila MINI FREDDIE BLACK | Mochilas Hockey | Tackle Hockey","isPartOf":{"@id":"https:\/\/tacklehockey.es\/nl\/#website"},"primaryImageOfPage":{"@id":"https:\/\/tacklehockey.es\/nl\/producto\/mini-freddie-black\/#primaryimage"},"image":{"@id":"https:\/\/tacklehockey.es\/nl\/producto\/mini-freddie-black\/#primaryimage"},"thumbnailUrl":"https:\/\/tacklehockey.es\/wp-content\/uploads\/2025\/06\/MINI-FREDDIE-MF-BLACK-1.jpeg","datePublished":"2025-06-19T19:32:09+00:00","dateModified":"2025-11-30T11:15:26+00:00","description":"Mochila mini Freddie black de Gryphon fabricada en tela de poli\u00e9ster impermeable. Su resistencia mantiene la bolsa segura. Disponible en varios colores.","breadcrumb":{"@id":"https:\/\/tacklehockey.es\/nl\/producto\/mini-freddie-black\/#breadcrumb"},"inLanguage":"nl-NL","potentialAction":[{"@type":"ReadAction","target":["https:\/\/tacklehockey.es\/nl\/producto\/mini-freddie-black\/"]}]},{"@type":"ImageObject","inLanguage":"nl-NL","@id":"https:\/\/tacklehockey.es\/nl\/producto\/mini-freddie-black\/#primaryimage","url":"https:\/\/tacklehockey.es\/wp-content\/uploads\/2025\/06\/MINI-FREDDIE-MF-BLACK-1.jpeg","contentUrl":"https:\/\/tacklehockey.es\/wp-content\/uploads\/2025\/06\/MINI-FREDDIE-MF-BLACK-1.jpeg","width":1181,"height":1699},{"@type":"BreadcrumbList","@id":"https:\/\/tacklehockey.es\/nl\/producto\/mini-freddie-black\/#breadcrumb","itemListElement":[{"@type":"ListItem","position":1,"name":"Portada","item":"https:\/\/tacklehockey.es\/nl\/"},{"@type":"ListItem","position":2,"name":"Winkel","item":"https:\/\/tacklehockey.es\/shop\/"},{"@type":"ListItem","position":3,"name":"Mochila MINI FREDDIE BLACK"}]},{"@type":"WebSite","@id":"https:\/\/tacklehockey.es\/nl\/#website","url":"https:\/\/tacklehockey.es\/nl\/","name":"Tackle Hockey","description":"Tienda de art\u00edculos de hockey hierba","potentialAction":[{"@type":"SearchAction","target":{"@type":"EntryPoint","urlTemplate":"https:\/\/tacklehockey.es\/nl\/?s={search_term_string}"},"query-input":{"@type":"PropertyValueSpecification","valueRequired":true,"valueName":"search_term_string"}}],"inLanguage":"nl-NL"}]}},"_links":{"self":[{"href":"https:\/\/tacklehockey.es\/nl\/wp-json\/wp\/v2\/product\/2040","targetHints":{"allow":["GET"]}}],"collection":[{"href":"https:\/\/tacklehockey.es\/nl\/wp-json\/wp\/v2\/product"}],"about":[{"href":"https:\/\/tacklehockey.es\/nl\/wp-json\/wp\/v2\/types\/product"}],"wp:featuredmedia":[{"embeddable":true,"href":"https:\/\/tacklehockey.es\/nl\/wp-json\/wp\/v2\/media\/7700"}],"wp:attachment":[{"href":"https:\/\/tacklehockey.es\/nl\/wp-json\/wp\/v2\/media?parent=2040"}],"wp:term":[{"taxonomy":"product_brand","embeddable":true,"href":"https:\/\/tacklehockey.es\/nl\/wp-json\/wp\/v2\/product_brand?post=2040"},{"taxonomy":"product_cat","embeddable":true,"href":"https:\/\/tacklehockey.es\/nl\/wp-json\/wp\/v2\/product_cat?post=2040"},{"taxonomy":"product_tag","embeddable":true,"href":"https:\/\/tacklehockey.es\/nl\/wp-json\/wp\/v2\/product_tag?post=2040"}],"curies":[{"name":"wp","href":"https:\/\/api.w.org\/{rel}","templated":true}]}}