{"id":1987,"date":"2025-06-19T19:46:49","date_gmt":"2025-06-19T19:46:49","guid":{"rendered":"https:\/\/tacklehockey.migracionesbgweb.com\/producto\/freddie-black\/"},"modified":"2026-02-18T12:44:06","modified_gmt":"2026-02-18T11:44:06","slug":"freddie-black","status":"publish","type":"product","link":"https:\/\/tacklehockey.es\/nl\/producto\/freddie-black\/","title":{"rendered":"Mochila FREDDIE BLACK"},"content":{"rendered":"<p>La mochila Freddie black de Gryphon es ideal para proteger tus accesorios. La tela de poli\u00e9ster impermeable asegura que tus pertenencias est\u00e9n protegidas. Adem\u00e1s, su resistencia mantiene la bolsa segura.<\/p>\n<p>Dise\u00f1ada para viajes a los campos de hockey, la mochila Freddie tiene una capacidad de 29 litros en compartimentos funcionales y organizados.<\/p>\n<p>Podr\u00e1s llevar tu botella de agua y tu stick de hockey en los bolsillos laterales ajustables para mayor comodidad sin usar las manos.<\/p>\n<p>&nbsp;<\/p>\n","protected":false},"excerpt":{"rendered":"<p>La mochila Freddie black de Gryphon es ideal para proteger tus accesorios. La tela de poli\u00e9ster impermeable asegura que tus pertenencias est\u00e9n protegidas. Adem\u00e1s, su resistencia mantiene la bolsa segura. Dise\u00f1ada para viajes a los campos de hockey, la mochila Freddie tiene una capacidad de 29 litros en compartimentos funcionales y organizados. Podr\u00e1s llevar tu [&hellip;]<\/p>\n","protected":false},"featured_media":7741,"template":"","meta":[],"product_brand":[142],"product_cat":[43,126],"product_tag":[],"class_list":{"0":"post-1987","1":"product","2":"type-product","3":"status-publish","4":"has-post-thumbnail","6":"product_brand-gryphon","7":"product_cat-fundas-hockey","8":"product_cat-mochilas","10":"first","11":"outofstock","12":"sale","13":"shipping-taxable","14":"purchasable","15":"product-type-simple"},"yoast_head":"<!-- This site is optimized with the Yoast SEO plugin v27.3 - https:\/\/yoast.com\/product\/yoast-seo-wordpress\/ -->\n<title>Mochila Freddie black | Mochilas Hockey | Tackle Hockey<\/title>\n<meta name=\"description\" content=\"La mochila Freddie black de Gryphon est\u00e1 fabricada en tela de poli\u00e9ster impermeable. Su resistencia mantiene la bolsa segura. Disponible en varios colores.\" \/>\n<meta name=\"robots\" content=\"index, follow, max-snippet:-1, max-image-preview:large, max-video-preview:-1\" \/>\n<link rel=\"canonical\" href=\"https:\/\/tacklehockey.es\/nl\/producto\/freddie-black\/\" \/>\n<meta property=\"og:locale\" content=\"nl_NL\" \/>\n<meta property=\"og:type\" content=\"article\" \/>\n<meta property=\"og:title\" content=\"Mochila Freddie | Mochilas Hockey | Tackle Hockey\" \/>\n<meta property=\"og:description\" content=\"La mochila Freddie de Gryphon est\u00e1 fabricada en tela de poli\u00e9ster impermeable. Su resistencia mantiene la bolsa segura. Disponible en varios colores.\" \/>\n<meta property=\"og:url\" content=\"https:\/\/tacklehockey.es\/nl\/producto\/freddie-black\/\" \/>\n<meta property=\"og:site_name\" content=\"Tackle Hockey\" \/>\n<meta property=\"article:modified_time\" content=\"2026-02-18T11:44:06+00:00\" \/>\n<meta property=\"og:image\" content=\"https:\/\/tacklehockey.es\/wp-content\/uploads\/2025\/06\/FREDDIE-F-BLACK-1.jpeg\" \/>\n\t<meta property=\"og:image:width\" content=\"1181\" \/>\n\t<meta property=\"og:image:height\" content=\"1699\" \/>\n\t<meta property=\"og:image:type\" content=\"image\/jpeg\" \/>\n<meta name=\"twitter:card\" content=\"summary_large_image\" \/>\n<meta name=\"twitter:title\" content=\"Mochila Freddie | Mochilas Hockey | Tackle Hockey\" \/>\n<meta name=\"twitter:description\" content=\"La mochila Freddie de Gryphon est\u00e1 fabricada en tela de poli\u00e9ster impermeable. Su resistencia mantiene la bolsa segura. Disponible en varios colores.\" \/>\n<meta name=\"twitter:label1\" content=\"Geschatte leestijd\" \/>\n\t<meta name=\"twitter:data1\" content=\"1 minuut\" \/>\n<script type=\"application\/ld+json\" class=\"yoast-schema-graph\">{\"@context\":\"https:\\\/\\\/schema.org\",\"@graph\":[{\"@type\":\"WebPage\",\"@id\":\"https:\\\/\\\/tacklehockey.es\\\/nl\\\/producto\\\/freddie-black\\\/\",\"url\":\"https:\\\/\\\/tacklehockey.es\\\/nl\\\/producto\\\/freddie-black\\\/\",\"name\":\"Mochila Freddie black | Mochilas Hockey | Tackle Hockey\",\"isPartOf\":{\"@id\":\"https:\\\/\\\/tacklehockey.es\\\/nl\\\/#website\"},\"primaryImageOfPage\":{\"@id\":\"https:\\\/\\\/tacklehockey.es\\\/nl\\\/producto\\\/freddie-black\\\/#primaryimage\"},\"image\":{\"@id\":\"https:\\\/\\\/tacklehockey.es\\\/nl\\\/producto\\\/freddie-black\\\/#primaryimage\"},\"thumbnailUrl\":\"https:\\\/\\\/tacklehockey.es\\\/wp-content\\\/uploads\\\/2025\\\/06\\\/FREDDIE-F-BLACK-1.jpeg\",\"datePublished\":\"2025-06-19T19:46:49+00:00\",\"dateModified\":\"2026-02-18T11:44:06+00:00\",\"description\":\"La mochila Freddie black de Gryphon est\u00e1 fabricada en tela de poli\u00e9ster impermeable. Su resistencia mantiene la bolsa segura. Disponible en varios colores.\",\"breadcrumb\":{\"@id\":\"https:\\\/\\\/tacklehockey.es\\\/nl\\\/producto\\\/freddie-black\\\/#breadcrumb\"},\"inLanguage\":\"nl-NL\",\"potentialAction\":[{\"@type\":\"ReadAction\",\"target\":[\"https:\\\/\\\/tacklehockey.es\\\/nl\\\/producto\\\/freddie-black\\\/\"]}]},{\"@type\":\"ImageObject\",\"inLanguage\":\"nl-NL\",\"@id\":\"https:\\\/\\\/tacklehockey.es\\\/nl\\\/producto\\\/freddie-black\\\/#primaryimage\",\"url\":\"https:\\\/\\\/tacklehockey.es\\\/wp-content\\\/uploads\\\/2025\\\/06\\\/FREDDIE-F-BLACK-1.jpeg\",\"contentUrl\":\"https:\\\/\\\/tacklehockey.es\\\/wp-content\\\/uploads\\\/2025\\\/06\\\/FREDDIE-F-BLACK-1.jpeg\",\"width\":1181,\"height\":1699},{\"@type\":\"BreadcrumbList\",\"@id\":\"https:\\\/\\\/tacklehockey.es\\\/nl\\\/producto\\\/freddie-black\\\/#breadcrumb\",\"itemListElement\":[{\"@type\":\"ListItem\",\"position\":1,\"name\":\"Portada\",\"item\":\"https:\\\/\\\/tacklehockey.es\\\/nl\\\/\"},{\"@type\":\"ListItem\",\"position\":2,\"name\":\"Winkel\",\"item\":\"https:\\\/\\\/tacklehockey.es\\\/shop\\\/\"},{\"@type\":\"ListItem\",\"position\":3,\"name\":\"Mochila FREDDIE BLACK\"}]},{\"@type\":\"WebSite\",\"@id\":\"https:\\\/\\\/tacklehockey.es\\\/nl\\\/#website\",\"url\":\"https:\\\/\\\/tacklehockey.es\\\/nl\\\/\",\"name\":\"Tackle Hockey\",\"description\":\"Tienda de art\u00edculos de hockey hierba\",\"potentialAction\":[{\"@type\":\"SearchAction\",\"target\":{\"@type\":\"EntryPoint\",\"urlTemplate\":\"https:\\\/\\\/tacklehockey.es\\\/nl\\\/?s={search_term_string}\"},\"query-input\":{\"@type\":\"PropertyValueSpecification\",\"valueRequired\":true,\"valueName\":\"search_term_string\"}}],\"inLanguage\":\"nl-NL\"}]}<\/script>\n<!-- \/ Yoast SEO plugin. -->","yoast_head_json":{"title":"Mochila Freddie black | Mochilas Hockey | Tackle Hockey","description":"La mochila Freddie black de Gryphon est\u00e1 fabricada en tela de poli\u00e9ster impermeable. Su resistencia mantiene la bolsa segura. Disponible en varios colores.","robots":{"index":"index","follow":"follow","max-snippet":"max-snippet:-1","max-image-preview":"max-image-preview:large","max-video-preview":"max-video-preview:-1"},"canonical":"https:\/\/tacklehockey.es\/nl\/producto\/freddie-black\/","og_locale":"nl_NL","og_type":"article","og_title":"Mochila Freddie | Mochilas Hockey | Tackle Hockey","og_description":"La mochila Freddie de Gryphon est\u00e1 fabricada en tela de poli\u00e9ster impermeable. Su resistencia mantiene la bolsa segura. Disponible en varios colores.","og_url":"https:\/\/tacklehockey.es\/nl\/producto\/freddie-black\/","og_site_name":"Tackle Hockey","article_modified_time":"2026-02-18T11:44:06+00:00","og_image":[{"width":1181,"height":1699,"url":"https:\/\/tacklehockey.es\/wp-content\/uploads\/2025\/06\/FREDDIE-F-BLACK-1.jpeg","type":"image\/jpeg"}],"twitter_card":"summary_large_image","twitter_title":"Mochila Freddie | Mochilas Hockey | Tackle Hockey","twitter_description":"La mochila Freddie de Gryphon est\u00e1 fabricada en tela de poli\u00e9ster impermeable. Su resistencia mantiene la bolsa segura. Disponible en varios colores.","twitter_misc":{"Geschatte leestijd":"1 minuut"},"schema":{"@context":"https:\/\/schema.org","@graph":[{"@type":"WebPage","@id":"https:\/\/tacklehockey.es\/nl\/producto\/freddie-black\/","url":"https:\/\/tacklehockey.es\/nl\/producto\/freddie-black\/","name":"Mochila Freddie black | Mochilas Hockey | Tackle Hockey","isPartOf":{"@id":"https:\/\/tacklehockey.es\/nl\/#website"},"primaryImageOfPage":{"@id":"https:\/\/tacklehockey.es\/nl\/producto\/freddie-black\/#primaryimage"},"image":{"@id":"https:\/\/tacklehockey.es\/nl\/producto\/freddie-black\/#primaryimage"},"thumbnailUrl":"https:\/\/tacklehockey.es\/wp-content\/uploads\/2025\/06\/FREDDIE-F-BLACK-1.jpeg","datePublished":"2025-06-19T19:46:49+00:00","dateModified":"2026-02-18T11:44:06+00:00","description":"La mochila Freddie black de Gryphon est\u00e1 fabricada en tela de poli\u00e9ster impermeable. Su resistencia mantiene la bolsa segura. Disponible en varios colores.","breadcrumb":{"@id":"https:\/\/tacklehockey.es\/nl\/producto\/freddie-black\/#breadcrumb"},"inLanguage":"nl-NL","potentialAction":[{"@type":"ReadAction","target":["https:\/\/tacklehockey.es\/nl\/producto\/freddie-black\/"]}]},{"@type":"ImageObject","inLanguage":"nl-NL","@id":"https:\/\/tacklehockey.es\/nl\/producto\/freddie-black\/#primaryimage","url":"https:\/\/tacklehockey.es\/wp-content\/uploads\/2025\/06\/FREDDIE-F-BLACK-1.jpeg","contentUrl":"https:\/\/tacklehockey.es\/wp-content\/uploads\/2025\/06\/FREDDIE-F-BLACK-1.jpeg","width":1181,"height":1699},{"@type":"BreadcrumbList","@id":"https:\/\/tacklehockey.es\/nl\/producto\/freddie-black\/#breadcrumb","itemListElement":[{"@type":"ListItem","position":1,"name":"Portada","item":"https:\/\/tacklehockey.es\/nl\/"},{"@type":"ListItem","position":2,"name":"Winkel","item":"https:\/\/tacklehockey.es\/shop\/"},{"@type":"ListItem","position":3,"name":"Mochila FREDDIE BLACK"}]},{"@type":"WebSite","@id":"https:\/\/tacklehockey.es\/nl\/#website","url":"https:\/\/tacklehockey.es\/nl\/","name":"Tackle Hockey","description":"Tienda de art\u00edculos de hockey hierba","potentialAction":[{"@type":"SearchAction","target":{"@type":"EntryPoint","urlTemplate":"https:\/\/tacklehockey.es\/nl\/?s={search_term_string}"},"query-input":{"@type":"PropertyValueSpecification","valueRequired":true,"valueName":"search_term_string"}}],"inLanguage":"nl-NL"}]}},"_links":{"self":[{"href":"https:\/\/tacklehockey.es\/nl\/wp-json\/wp\/v2\/product\/1987","targetHints":{"allow":["GET"]}}],"collection":[{"href":"https:\/\/tacklehockey.es\/nl\/wp-json\/wp\/v2\/product"}],"about":[{"href":"https:\/\/tacklehockey.es\/nl\/wp-json\/wp\/v2\/types\/product"}],"wp:featuredmedia":[{"embeddable":true,"href":"https:\/\/tacklehockey.es\/nl\/wp-json\/wp\/v2\/media\/7741"}],"wp:attachment":[{"href":"https:\/\/tacklehockey.es\/nl\/wp-json\/wp\/v2\/media?parent=1987"}],"wp:term":[{"taxonomy":"product_brand","embeddable":true,"href":"https:\/\/tacklehockey.es\/nl\/wp-json\/wp\/v2\/product_brand?post=1987"},{"taxonomy":"product_cat","embeddable":true,"href":"https:\/\/tacklehockey.es\/nl\/wp-json\/wp\/v2\/product_cat?post=1987"},{"taxonomy":"product_tag","embeddable":true,"href":"https:\/\/tacklehockey.es\/nl\/wp-json\/wp\/v2\/product_tag?post=1987"}],"curies":[{"name":"wp","href":"https:\/\/api.w.org\/{rel}","templated":true}]}}