{"id":7545,"date":"2025-09-13T17:36:26","date_gmt":"2025-09-13T15:36:26","guid":{"rendered":"https:\/\/tacklehockey.es\/?post_type=product&#038;p=7545"},"modified":"2025-10-16T13:29:29","modified_gmt":"2025-10-16T11:29:29","slug":"solo-j-g25-white","status":"publish","type":"product","link":"https:\/\/tacklehockey.es\/fr\/producto\/solo-j-g25-white\/","title":{"rendered":"Solo J G25 White"},"content":{"rendered":"<p><strong>POTENCIA CONTROLADA CON UNA SENSACI\u00d3N MEJORADA<\/strong><\/p>\n<p>Perfecciona tus habilidades y domina el campo con el GRYPHON Solo J G25, un palo de hockey dise\u00f1ado para ofrecer potencia controlada y un toque amortiguado para una ejecuci\u00f3n precisa de tus t\u00e9cnicas. Dise\u00f1ado con un enfoque en el rendimiento, este stick combina una sensaci\u00f3n suave para un mejor control de la bola con la potencia necesaria para jugadas decisivas. Incorpora el innovador Sistema de Reducci\u00f3n de Energ\u00eda (ERS), que reduce las vibraciones para una experiencia m\u00e1s fluida, permiti\u00e9ndote concentrarte plenamente en tu juego. Ya sea que apuntes al siguiente nivel competitivo o simplemente disfrutes del deporte, el GRYPHON Solo J G25 ser\u00e1 tu aliado para alcanzar el \u00e9xito.<\/p>\n<p><strong>POTENCIA CONTROLADA PARA UN RENDIMIENTO QUE MARCA LA DIFERENCIA<\/strong><\/p>\n<p>El Solo J G25 est\u00e1 meticulosamente dise\u00f1ado para ofrecer una potencia controlada que permite realizar tiros y pases precisos. Este equilibrio te garantiza estar preparado para hacer jugadas decisivas sin perder precisi\u00f3n en cada movimiento.<\/p>\n<p><strong>TOQUE ACOLCHADO PARA UN CONTROL IMPECABLE<\/strong><\/p>\n<p>Gracias a su toque acolchado, el Solo J G25 mejora el control de la bola, permiti\u00e9ndote perfeccionar tus habilidades con mayor facilidad. Este dise\u00f1o garantiza una experiencia de juego fluida, incluso en situaciones de alta presi\u00f3n.<\/p>\n<p><strong>SISTEMA DE REDUCCI\u00d3N DE ENERG\u00cdA PARA GOLPES M\u00c1S SUAVES<\/strong><\/p>\n<p>El innovador Sistema de Reducci\u00f3n de Energ\u00eda (ERS) minimiza las vibraciones al impacto, brindando una sensaci\u00f3n m\u00e1s c\u00f3moda y estable. Esta caracter\u00edstica te permite concentrarte plenamente en tu rendimiento, asegurando una ejecuci\u00f3n constante de tus habilidades.<\/p>\n","protected":false},"excerpt":{"rendered":"<p>POTENCIA CONTROLADA CON UNA SENSACI\u00d3N MEJORADA Perfecciona tus habilidades y domina el campo con el GRYPHON Solo J G25, un palo de hockey dise\u00f1ado para ofrecer potencia controlada y un toque amortiguado para una ejecuci\u00f3n precisa de tus t\u00e9cnicas. Dise\u00f1ado con un enfoque en el rendimiento, este stick combina una sensaci\u00f3n suave para un mejor [&hellip;]<\/p>\n","protected":false},"featured_media":7553,"template":"","meta":[],"product_brand":[142],"product_cat":[327,328,1214,136,119,122,134,17,139],"product_tag":[],"class_list":{"0":"post-7545","1":"product","2":"type-product","3":"status-publish","4":"has-post-thumbnail","6":"product_brand-gryphon","7":"product_cat-327","8":"product_cat-328","9":"product_cat-1214","10":"product_cat-fibra-de-vidrio","11":"product_cat-hockey-hierba","12":"product_cat-junior","13":"product_cat-materiales","14":"product_cat-palos","15":"product_cat-tamano","16":"pa_talla-41","17":"pa_talla-40","18":"pa_talla-1179","20":"first","21":"instock","22":"shipping-taxable","23":"purchasable","24":"product-type-variable"},"yoast_head":"<!-- This site is optimized with the Yoast SEO plugin v27.3 - https:\/\/yoast.com\/product\/yoast-seo-wordpress\/ -->\n<title>Solo J G25 White | Palos Hockey Hierba | Tackle Hockey<\/title>\n<meta name=\"description\" content=\"Stick de hockey hierba Solo J G25 White. Disponible en cuatro colores. Blue, White, Orange, Teal. Distribuidores oficiales Gryphon en Espa\u00f1a\" \/>\n<meta name=\"robots\" content=\"index, follow, max-snippet:-1, max-image-preview:large, max-video-preview:-1\" \/>\n<link rel=\"canonical\" href=\"https:\/\/tacklehockey.es\/fr\/producto\/solo-j-g25-white\/\" \/>\n<meta property=\"og:locale\" content=\"fr_FR\" \/>\n<meta property=\"og:type\" content=\"article\" \/>\n<meta property=\"og:title\" content=\"Solo J G25 White | Palos Hockey Hierba | Tackle Hockey\" \/>\n<meta property=\"og:description\" content=\"Stick de hockey hierba Solo J G25 White. Disponible en cuatro colores. Blue, White, Orange, Teal. Distribuidores oficiales Gryphon en Espa\u00f1a\" \/>\n<meta property=\"og:url\" content=\"https:\/\/tacklehockey.es\/fr\/producto\/solo-j-g25-white\/\" \/>\n<meta property=\"og:site_name\" content=\"Tackle Hockey\" \/>\n<meta property=\"article:modified_time\" content=\"2025-10-16T11:29:29+00:00\" \/>\n<meta property=\"og:image\" content=\"https:\/\/tacklehockey.es\/wp-content\/uploads\/2025\/09\/Solo-J-G25-White.jpg\" \/>\n\t<meta property=\"og:image:width\" content=\"1000\" \/>\n\t<meta property=\"og:image:height\" content=\"1000\" \/>\n\t<meta property=\"og:image:type\" content=\"image\/jpeg\" \/>\n<meta name=\"twitter:card\" content=\"summary_large_image\" \/>\n<meta name=\"twitter:title\" content=\"Solo J G25 White | Palos Hockey Hierba | Tackle Hockey\" \/>\n<meta name=\"twitter:description\" content=\"Stick de hockey hierba Solo J G25 White. Disponible en cuatro colores. Blue, White, Orange, Teal. Distribuidores oficiales Gryphon en Espa\u00f1a\" \/>\n<meta name=\"twitter:image\" content=\"https:\/\/tacklehockey.es\/wp-content\/uploads\/2025\/09\/Solo-J-G25-White.jpg\" \/>\n<meta name=\"twitter:label1\" content=\"Dur\u00e9e de lecture estim\u00e9e\" \/>\n\t<meta name=\"twitter:data1\" content=\"2 minutes\" \/>\n<script type=\"application\/ld+json\" class=\"yoast-schema-graph\">{\"@context\":\"https:\\\/\\\/schema.org\",\"@graph\":[{\"@type\":\"WebPage\",\"@id\":\"https:\\\/\\\/tacklehockey.es\\\/fr\\\/producto\\\/solo-j-g25-white\\\/\",\"url\":\"https:\\\/\\\/tacklehockey.es\\\/fr\\\/producto\\\/solo-j-g25-white\\\/\",\"name\":\"Solo J G25 White | Palos Hockey Hierba | Tackle Hockey\",\"isPartOf\":{\"@id\":\"https:\\\/\\\/tacklehockey.es\\\/fr\\\/#website\"},\"primaryImageOfPage\":{\"@id\":\"https:\\\/\\\/tacklehockey.es\\\/fr\\\/producto\\\/solo-j-g25-white\\\/#primaryimage\"},\"image\":{\"@id\":\"https:\\\/\\\/tacklehockey.es\\\/fr\\\/producto\\\/solo-j-g25-white\\\/#primaryimage\"},\"thumbnailUrl\":\"https:\\\/\\\/tacklehockey.es\\\/wp-content\\\/uploads\\\/2025\\\/09\\\/Solo-J-G25-White.jpg\",\"datePublished\":\"2025-09-13T15:36:26+00:00\",\"dateModified\":\"2025-10-16T11:29:29+00:00\",\"description\":\"Stick de hockey hierba Solo J G25 White. Disponible en cuatro colores. Blue, White, Orange, Teal. Distribuidores oficiales Gryphon en Espa\u00f1a\",\"breadcrumb\":{\"@id\":\"https:\\\/\\\/tacklehockey.es\\\/fr\\\/producto\\\/solo-j-g25-white\\\/#breadcrumb\"},\"inLanguage\":\"fr-FR\",\"potentialAction\":[{\"@type\":\"ReadAction\",\"target\":[\"https:\\\/\\\/tacklehockey.es\\\/fr\\\/producto\\\/solo-j-g25-white\\\/\"]}]},{\"@type\":\"ImageObject\",\"inLanguage\":\"fr-FR\",\"@id\":\"https:\\\/\\\/tacklehockey.es\\\/fr\\\/producto\\\/solo-j-g25-white\\\/#primaryimage\",\"url\":\"https:\\\/\\\/tacklehockey.es\\\/wp-content\\\/uploads\\\/2025\\\/09\\\/Solo-J-G25-White.jpg\",\"contentUrl\":\"https:\\\/\\\/tacklehockey.es\\\/wp-content\\\/uploads\\\/2025\\\/09\\\/Solo-J-G25-White.jpg\",\"width\":1000,\"height\":1000,\"caption\":\"Solo J G25 White\"},{\"@type\":\"BreadcrumbList\",\"@id\":\"https:\\\/\\\/tacklehockey.es\\\/fr\\\/producto\\\/solo-j-g25-white\\\/#breadcrumb\",\"itemListElement\":[{\"@type\":\"ListItem\",\"position\":1,\"name\":\"Portada\",\"item\":\"https:\\\/\\\/tacklehockey.es\\\/fr\\\/\"},{\"@type\":\"ListItem\",\"position\":2,\"name\":\"Boutique\",\"item\":\"https:\\\/\\\/tacklehockey.es\\\/shop\\\/\"},{\"@type\":\"ListItem\",\"position\":3,\"name\":\"Solo J G25 White\"}]},{\"@type\":\"WebSite\",\"@id\":\"https:\\\/\\\/tacklehockey.es\\\/fr\\\/#website\",\"url\":\"https:\\\/\\\/tacklehockey.es\\\/fr\\\/\",\"name\":\"Tackle Hockey\",\"description\":\"Tienda de art\u00edculos de hockey hierba\",\"potentialAction\":[{\"@type\":\"SearchAction\",\"target\":{\"@type\":\"EntryPoint\",\"urlTemplate\":\"https:\\\/\\\/tacklehockey.es\\\/fr\\\/?s={search_term_string}\"},\"query-input\":{\"@type\":\"PropertyValueSpecification\",\"valueRequired\":true,\"valueName\":\"search_term_string\"}}],\"inLanguage\":\"fr-FR\"}]}<\/script>\n<!-- \/ Yoast SEO plugin. -->","yoast_head_json":{"title":"Solo J G25 White | Palos Hockey Hierba | Tackle Hockey","description":"Stick de hockey hierba Solo J G25 White. Disponible en cuatro colores. Blue, White, Orange, Teal. Distribuidores oficiales Gryphon en Espa\u00f1a","robots":{"index":"index","follow":"follow","max-snippet":"max-snippet:-1","max-image-preview":"max-image-preview:large","max-video-preview":"max-video-preview:-1"},"canonical":"https:\/\/tacklehockey.es\/fr\/producto\/solo-j-g25-white\/","og_locale":"fr_FR","og_type":"article","og_title":"Solo J G25 White | Palos Hockey Hierba | Tackle Hockey","og_description":"Stick de hockey hierba Solo J G25 White. Disponible en cuatro colores. Blue, White, Orange, Teal. Distribuidores oficiales Gryphon en Espa\u00f1a","og_url":"https:\/\/tacklehockey.es\/fr\/producto\/solo-j-g25-white\/","og_site_name":"Tackle Hockey","article_modified_time":"2025-10-16T11:29:29+00:00","og_image":[{"width":1000,"height":1000,"url":"https:\/\/tacklehockey.es\/wp-content\/uploads\/2025\/09\/Solo-J-G25-White.jpg","type":"image\/jpeg"}],"twitter_card":"summary_large_image","twitter_title":"Solo J G25 White | Palos Hockey Hierba | Tackle Hockey","twitter_description":"Stick de hockey hierba Solo J G25 White. Disponible en cuatro colores. Blue, White, Orange, Teal. Distribuidores oficiales Gryphon en Espa\u00f1a","twitter_image":"https:\/\/tacklehockey.es\/wp-content\/uploads\/2025\/09\/Solo-J-G25-White.jpg","twitter_misc":{"Dur\u00e9e de lecture estim\u00e9e":"2 minutes"},"schema":{"@context":"https:\/\/schema.org","@graph":[{"@type":"WebPage","@id":"https:\/\/tacklehockey.es\/fr\/producto\/solo-j-g25-white\/","url":"https:\/\/tacklehockey.es\/fr\/producto\/solo-j-g25-white\/","name":"Solo J G25 White | Palos Hockey Hierba | Tackle Hockey","isPartOf":{"@id":"https:\/\/tacklehockey.es\/fr\/#website"},"primaryImageOfPage":{"@id":"https:\/\/tacklehockey.es\/fr\/producto\/solo-j-g25-white\/#primaryimage"},"image":{"@id":"https:\/\/tacklehockey.es\/fr\/producto\/solo-j-g25-white\/#primaryimage"},"thumbnailUrl":"https:\/\/tacklehockey.es\/wp-content\/uploads\/2025\/09\/Solo-J-G25-White.jpg","datePublished":"2025-09-13T15:36:26+00:00","dateModified":"2025-10-16T11:29:29+00:00","description":"Stick de hockey hierba Solo J G25 White. Disponible en cuatro colores. Blue, White, Orange, Teal. Distribuidores oficiales Gryphon en Espa\u00f1a","breadcrumb":{"@id":"https:\/\/tacklehockey.es\/fr\/producto\/solo-j-g25-white\/#breadcrumb"},"inLanguage":"fr-FR","potentialAction":[{"@type":"ReadAction","target":["https:\/\/tacklehockey.es\/fr\/producto\/solo-j-g25-white\/"]}]},{"@type":"ImageObject","inLanguage":"fr-FR","@id":"https:\/\/tacklehockey.es\/fr\/producto\/solo-j-g25-white\/#primaryimage","url":"https:\/\/tacklehockey.es\/wp-content\/uploads\/2025\/09\/Solo-J-G25-White.jpg","contentUrl":"https:\/\/tacklehockey.es\/wp-content\/uploads\/2025\/09\/Solo-J-G25-White.jpg","width":1000,"height":1000,"caption":"Solo J G25 White"},{"@type":"BreadcrumbList","@id":"https:\/\/tacklehockey.es\/fr\/producto\/solo-j-g25-white\/#breadcrumb","itemListElement":[{"@type":"ListItem","position":1,"name":"Portada","item":"https:\/\/tacklehockey.es\/fr\/"},{"@type":"ListItem","position":2,"name":"Boutique","item":"https:\/\/tacklehockey.es\/shop\/"},{"@type":"ListItem","position":3,"name":"Solo J G25 White"}]},{"@type":"WebSite","@id":"https:\/\/tacklehockey.es\/fr\/#website","url":"https:\/\/tacklehockey.es\/fr\/","name":"Tackle Hockey","description":"Tienda de art\u00edculos de hockey hierba","potentialAction":[{"@type":"SearchAction","target":{"@type":"EntryPoint","urlTemplate":"https:\/\/tacklehockey.es\/fr\/?s={search_term_string}"},"query-input":{"@type":"PropertyValueSpecification","valueRequired":true,"valueName":"search_term_string"}}],"inLanguage":"fr-FR"}]}},"_links":{"self":[{"href":"https:\/\/tacklehockey.es\/fr\/wp-json\/wp\/v2\/product\/7545","targetHints":{"allow":["GET"]}}],"collection":[{"href":"https:\/\/tacklehockey.es\/fr\/wp-json\/wp\/v2\/product"}],"about":[{"href":"https:\/\/tacklehockey.es\/fr\/wp-json\/wp\/v2\/types\/product"}],"wp:featuredmedia":[{"embeddable":true,"href":"https:\/\/tacklehockey.es\/fr\/wp-json\/wp\/v2\/media\/7553"}],"wp:attachment":[{"href":"https:\/\/tacklehockey.es\/fr\/wp-json\/wp\/v2\/media?parent=7545"}],"wp:term":[{"taxonomy":"product_brand","embeddable":true,"href":"https:\/\/tacklehockey.es\/fr\/wp-json\/wp\/v2\/product_brand?post=7545"},{"taxonomy":"product_cat","embeddable":true,"href":"https:\/\/tacklehockey.es\/fr\/wp-json\/wp\/v2\/product_cat?post=7545"},{"taxonomy":"product_tag","embeddable":true,"href":"https:\/\/tacklehockey.es\/fr\/wp-json\/wp\/v2\/product_tag?post=7545"}],"curies":[{"name":"wp","href":"https:\/\/api.w.org\/{rel}","templated":true}]}}