{"id":7458,"date":"2025-09-13T16:40:40","date_gmt":"2025-09-13T14:40:40","guid":{"rendered":"https:\/\/tacklehockey.es\/?post_type=product&#038;p=7458"},"modified":"2025-09-13T16:40:40","modified_gmt":"2025-09-13T14:40:40","slug":"lazer-g25-black","status":"publish","type":"product","link":"https:\/\/tacklehockey.es\/fr\/producto\/lazer-g25-black\/","title":{"rendered":"Lazer G25 Black"},"content":{"rendered":"<p><strong>EMB\u00c1RCATE EN EL CAMINO HACIA LA GRANDEZA<\/strong><\/p>\n<p>Presentamos el GRYPHON Lazer G25, dise\u00f1ado con precisi\u00f3n para las j\u00f3venes promesas del hockey sobre hierba. Este stick junior combina innovaci\u00f3n y rendimiento para acompa\u00f1ar a los jugadores en su progreso dentro del juego. Con su tacto suave y respuesta sensible, el Lazer G25 ofrece un control excepcional, ayudando a los futuros atletas a perfeccionar sus habilidades y avanzar con confianza al siguiente nivel.<\/p>\n<p><strong>COMPOSICI\u00d3N DE FIBRA DE VIDRIO: FORMANDO HABILIDADES ESENCIALES<\/strong><\/p>\n<p>El Lazer G25 est\u00e1 fabricado principalmente con fibra de vidrio, lo que proporciona un tacto suave pero reactivo. Este material es ideal para los jugadores j\u00f3venes, ya que ofrece un contacto suave con la bola a la vez que asegura un alto nivel de control y maniobrabilidad. El Lazer G25 favorece el desarrollo de las habilidades fundamentales, siendo la herramienta ideal para ganar confianza y dominio en el campo.<\/p>\n<p><strong>IMPULSANDO EL DESARROLLO Y LA CONFIANZA<\/strong><\/p>\n<p>Dise\u00f1ado pensando en el crecimiento de los j\u00f3venes atletas, el Lazer G25 se convierte en un compa\u00f1ero de confianza en su camino. Su tacto amortiguado y su excelente control fomentan una conexi\u00f3n s\u00f3lida entre el jugador y el stick, mejorando la precisi\u00f3n y el manejo de la bola. A medida que los jugadores perfeccionan sus capacidades, el Lazer G25 los gu\u00eda hacia el dominio del deporte con seguridad y confianza.<\/p>\n<p><strong>UNA HERRAMIENTA PARA MEJORAR Y CRECER<\/strong><\/p>\n<p>M\u00e1s que un stick de hockey, el Lazer G25 act\u00faa como un mentor para los j\u00f3venes talentos en desarrollo. Su dise\u00f1o impulsa la mejora y refuerza la confianza, haciendo que el camino hacia el \u00e9xito en el hockey sobre hierba sea emocionante y alcanzable. Con el Lazer G25, los j\u00f3venes jugadores pueden confiar en que cuentan con el apoyo adecuado para llevar su juego a nuevas alturas.<\/p>\n","protected":false},"excerpt":{"rendered":"<p>EMB\u00c1RCATE EN EL CAMINO HACIA LA GRANDEZA Presentamos el GRYPHON Lazer G25, dise\u00f1ado con precisi\u00f3n para las j\u00f3venes promesas del hockey sobre hierba. Este stick junior combina innovaci\u00f3n y rendimiento para acompa\u00f1ar a los jugadores en su progreso dentro del juego. Con su tacto suave y respuesta sensible, el Lazer G25 ofrece un control excepcional, [&hellip;]<\/p>\n","protected":false},"featured_media":7460,"template":"","meta":[],"product_brand":[142],"product_cat":[17,119,122,134,136,139,1177,327,328],"product_tag":[],"class_list":{"0":"post-7458","1":"product","2":"type-product","3":"status-publish","4":"has-post-thumbnail","6":"product_brand-gryphon","7":"product_cat-palos","8":"product_cat-hockey-hierba","9":"product_cat-junior","10":"product_cat-materiales","11":"product_cat-fibra-de-vidrio","12":"product_cat-tamano","13":"product_cat-1177","14":"product_cat-327","15":"product_cat-328","16":"pa_talla-1176","17":"pa_talla-41","18":"pa_talla-40","20":"first","21":"instock","22":"shipping-taxable","23":"purchasable","24":"product-type-variable"},"yoast_head":"<!-- This site is optimized with the Yoast SEO plugin v26.9 - https:\/\/yoast.com\/product\/yoast-seo-wordpress\/ -->\n<title>Lazer G25 Black | Palos Hockey Hierba | Tackle Hockey<\/title>\n<meta name=\"description\" content=\"Stick de hockey hierba Lazer G25. Junior. Disponible en tres colores. Black, Teal y Navy. Distribuidores oficiales Gryphon en Espa\u00f1a\" \/>\n<meta name=\"robots\" content=\"index, follow, max-snippet:-1, max-image-preview:large, max-video-preview:-1\" \/>\n<link rel=\"canonical\" href=\"https:\/\/tacklehockey.es\/fr\/producto\/lazer-g25-black\/\" \/>\n<meta property=\"og:locale\" content=\"fr_FR\" \/>\n<meta property=\"og:type\" content=\"article\" \/>\n<meta property=\"og:title\" content=\"Lazer G25 Black | Palos Hockey Hierba | Tackle Hockey\" \/>\n<meta property=\"og:description\" content=\"Stick de hockey hierba Lazer G25. Junior. Disponible en tres colores. Black, Teal y Navy. Distribuidores oficiales Gryphon en Espa\u00f1a\" \/>\n<meta property=\"og:url\" content=\"https:\/\/tacklehockey.es\/fr\/producto\/lazer-g25-black\/\" \/>\n<meta property=\"og:site_name\" content=\"Tackle Hockey\" \/>\n<meta property=\"og:image\" content=\"https:\/\/tacklehockey.es\/wp-content\/uploads\/2025\/09\/Lazer-G25-black.webp\" \/>\n\t<meta property=\"og:image:width\" content=\"612\" \/>\n\t<meta property=\"og:image:height\" content=\"612\" \/>\n\t<meta property=\"og:image:type\" content=\"image\/webp\" \/>\n<meta name=\"twitter:card\" content=\"summary_large_image\" \/>\n<meta name=\"twitter:title\" content=\"Lazer G25 Black | Palos Hockey Hierba | Tackle Hockey\" \/>\n<meta name=\"twitter:description\" content=\"Stick de hockey hierba Lazer G25. Junior. Disponible en tres colores. Black, Teal y Navy. Distribuidores oficiales Gryphon en Espa\u00f1a\" \/>\n<meta name=\"twitter:image\" content=\"https:\/\/tacklehockey.es\/wp-content\/uploads\/2025\/09\/Lazer-G25-black.webp\" \/>\n<meta name=\"twitter:label1\" content=\"Dur\u00e9e de lecture estim\u00e9e\" \/>\n\t<meta name=\"twitter:data1\" content=\"1 minute\" \/>\n<script type=\"application\/ld+json\" class=\"yoast-schema-graph\">{\"@context\":\"https:\/\/schema.org\",\"@graph\":[{\"@type\":\"WebPage\",\"@id\":\"https:\/\/tacklehockey.es\/fr\/producto\/lazer-g25-black\/\",\"url\":\"https:\/\/tacklehockey.es\/fr\/producto\/lazer-g25-black\/\",\"name\":\"Lazer G25 Black | Palos Hockey Hierba | Tackle Hockey\",\"isPartOf\":{\"@id\":\"https:\/\/tacklehockey.es\/fr\/#website\"},\"primaryImageOfPage\":{\"@id\":\"https:\/\/tacklehockey.es\/fr\/producto\/lazer-g25-black\/#primaryimage\"},\"image\":{\"@id\":\"https:\/\/tacklehockey.es\/fr\/producto\/lazer-g25-black\/#primaryimage\"},\"thumbnailUrl\":\"https:\/\/tacklehockey.es\/wp-content\/uploads\/2025\/09\/Lazer-G25-black.webp\",\"datePublished\":\"2025-09-13T14:40:40+00:00\",\"description\":\"Stick de hockey hierba Lazer G25. Junior. Disponible en tres colores. Black, Teal y Navy. Distribuidores oficiales Gryphon en Espa\u00f1a\",\"breadcrumb\":{\"@id\":\"https:\/\/tacklehockey.es\/fr\/producto\/lazer-g25-black\/#breadcrumb\"},\"inLanguage\":\"fr-FR\",\"potentialAction\":[{\"@type\":\"ReadAction\",\"target\":[\"https:\/\/tacklehockey.es\/fr\/producto\/lazer-g25-black\/\"]}]},{\"@type\":\"ImageObject\",\"inLanguage\":\"fr-FR\",\"@id\":\"https:\/\/tacklehockey.es\/fr\/producto\/lazer-g25-black\/#primaryimage\",\"url\":\"https:\/\/tacklehockey.es\/wp-content\/uploads\/2025\/09\/Lazer-G25-black.webp\",\"contentUrl\":\"https:\/\/tacklehockey.es\/wp-content\/uploads\/2025\/09\/Lazer-G25-black.webp\",\"width\":612,\"height\":612,\"caption\":\"Lazer G25 black stick de hockey\"},{\"@type\":\"BreadcrumbList\",\"@id\":\"https:\/\/tacklehockey.es\/fr\/producto\/lazer-g25-black\/#breadcrumb\",\"itemListElement\":[{\"@type\":\"ListItem\",\"position\":1,\"name\":\"Portada\",\"item\":\"https:\/\/tacklehockey.es\/fr\/\"},{\"@type\":\"ListItem\",\"position\":2,\"name\":\"Boutique\",\"item\":\"https:\/\/tacklehockey.es\/shop\/\"},{\"@type\":\"ListItem\",\"position\":3,\"name\":\"Lazer G25 Black\"}]},{\"@type\":\"WebSite\",\"@id\":\"https:\/\/tacklehockey.es\/fr\/#website\",\"url\":\"https:\/\/tacklehockey.es\/fr\/\",\"name\":\"Tackle Hockey\",\"description\":\"Tienda de art\u00edculos de hockey hierba\",\"potentialAction\":[{\"@type\":\"SearchAction\",\"target\":{\"@type\":\"EntryPoint\",\"urlTemplate\":\"https:\/\/tacklehockey.es\/fr\/?s={search_term_string}\"},\"query-input\":{\"@type\":\"PropertyValueSpecification\",\"valueRequired\":true,\"valueName\":\"search_term_string\"}}],\"inLanguage\":\"fr-FR\"}]}<\/script>\n<!-- \/ Yoast SEO plugin. -->","yoast_head_json":{"title":"Lazer G25 Black | Palos Hockey Hierba | Tackle Hockey","description":"Stick de hockey hierba Lazer G25. Junior. Disponible en tres colores. Black, Teal y Navy. Distribuidores oficiales Gryphon en Espa\u00f1a","robots":{"index":"index","follow":"follow","max-snippet":"max-snippet:-1","max-image-preview":"max-image-preview:large","max-video-preview":"max-video-preview:-1"},"canonical":"https:\/\/tacklehockey.es\/fr\/producto\/lazer-g25-black\/","og_locale":"fr_FR","og_type":"article","og_title":"Lazer G25 Black | Palos Hockey Hierba | Tackle Hockey","og_description":"Stick de hockey hierba Lazer G25. Junior. Disponible en tres colores. Black, Teal y Navy. Distribuidores oficiales Gryphon en Espa\u00f1a","og_url":"https:\/\/tacklehockey.es\/fr\/producto\/lazer-g25-black\/","og_site_name":"Tackle Hockey","og_image":[{"width":612,"height":612,"url":"https:\/\/tacklehockey.es\/wp-content\/uploads\/2025\/09\/Lazer-G25-black.webp","type":"image\/webp"}],"twitter_card":"summary_large_image","twitter_title":"Lazer G25 Black | Palos Hockey Hierba | Tackle Hockey","twitter_description":"Stick de hockey hierba Lazer G25. Junior. Disponible en tres colores. Black, Teal y Navy. Distribuidores oficiales Gryphon en Espa\u00f1a","twitter_image":"https:\/\/tacklehockey.es\/wp-content\/uploads\/2025\/09\/Lazer-G25-black.webp","twitter_misc":{"Dur\u00e9e de lecture estim\u00e9e":"1 minute"},"schema":{"@context":"https:\/\/schema.org","@graph":[{"@type":"WebPage","@id":"https:\/\/tacklehockey.es\/fr\/producto\/lazer-g25-black\/","url":"https:\/\/tacklehockey.es\/fr\/producto\/lazer-g25-black\/","name":"Lazer G25 Black | Palos Hockey Hierba | Tackle Hockey","isPartOf":{"@id":"https:\/\/tacklehockey.es\/fr\/#website"},"primaryImageOfPage":{"@id":"https:\/\/tacklehockey.es\/fr\/producto\/lazer-g25-black\/#primaryimage"},"image":{"@id":"https:\/\/tacklehockey.es\/fr\/producto\/lazer-g25-black\/#primaryimage"},"thumbnailUrl":"https:\/\/tacklehockey.es\/wp-content\/uploads\/2025\/09\/Lazer-G25-black.webp","datePublished":"2025-09-13T14:40:40+00:00","description":"Stick de hockey hierba Lazer G25. Junior. Disponible en tres colores. Black, Teal y Navy. Distribuidores oficiales Gryphon en Espa\u00f1a","breadcrumb":{"@id":"https:\/\/tacklehockey.es\/fr\/producto\/lazer-g25-black\/#breadcrumb"},"inLanguage":"fr-FR","potentialAction":[{"@type":"ReadAction","target":["https:\/\/tacklehockey.es\/fr\/producto\/lazer-g25-black\/"]}]},{"@type":"ImageObject","inLanguage":"fr-FR","@id":"https:\/\/tacklehockey.es\/fr\/producto\/lazer-g25-black\/#primaryimage","url":"https:\/\/tacklehockey.es\/wp-content\/uploads\/2025\/09\/Lazer-G25-black.webp","contentUrl":"https:\/\/tacklehockey.es\/wp-content\/uploads\/2025\/09\/Lazer-G25-black.webp","width":612,"height":612,"caption":"Lazer G25 black stick de hockey"},{"@type":"BreadcrumbList","@id":"https:\/\/tacklehockey.es\/fr\/producto\/lazer-g25-black\/#breadcrumb","itemListElement":[{"@type":"ListItem","position":1,"name":"Portada","item":"https:\/\/tacklehockey.es\/fr\/"},{"@type":"ListItem","position":2,"name":"Boutique","item":"https:\/\/tacklehockey.es\/shop\/"},{"@type":"ListItem","position":3,"name":"Lazer G25 Black"}]},{"@type":"WebSite","@id":"https:\/\/tacklehockey.es\/fr\/#website","url":"https:\/\/tacklehockey.es\/fr\/","name":"Tackle Hockey","description":"Tienda de art\u00edculos de hockey hierba","potentialAction":[{"@type":"SearchAction","target":{"@type":"EntryPoint","urlTemplate":"https:\/\/tacklehockey.es\/fr\/?s={search_term_string}"},"query-input":{"@type":"PropertyValueSpecification","valueRequired":true,"valueName":"search_term_string"}}],"inLanguage":"fr-FR"}]}},"_links":{"self":[{"href":"https:\/\/tacklehockey.es\/fr\/wp-json\/wp\/v2\/product\/7458","targetHints":{"allow":["GET"]}}],"collection":[{"href":"https:\/\/tacklehockey.es\/fr\/wp-json\/wp\/v2\/product"}],"about":[{"href":"https:\/\/tacklehockey.es\/fr\/wp-json\/wp\/v2\/types\/product"}],"wp:featuredmedia":[{"embeddable":true,"href":"https:\/\/tacklehockey.es\/fr\/wp-json\/wp\/v2\/media\/7460"}],"wp:attachment":[{"href":"https:\/\/tacklehockey.es\/fr\/wp-json\/wp\/v2\/media?parent=7458"}],"wp:term":[{"taxonomy":"product_brand","embeddable":true,"href":"https:\/\/tacklehockey.es\/fr\/wp-json\/wp\/v2\/product_brand?post=7458"},{"taxonomy":"product_cat","embeddable":true,"href":"https:\/\/tacklehockey.es\/fr\/wp-json\/wp\/v2\/product_cat?post=7458"},{"taxonomy":"product_tag","embeddable":true,"href":"https:\/\/tacklehockey.es\/fr\/wp-json\/wp\/v2\/product_tag?post=7458"}],"curies":[{"name":"wp","href":"https:\/\/api.w.org\/{rel}","templated":true}]}}