{"id":2177,"date":"2025-06-19T19:47:22","date_gmt":"2025-06-19T19:47:22","guid":{"rendered":"https:\/\/tacklehockey.migracionesbgweb.com\/producto\/dannie-black\/"},"modified":"2025-08-27T14:23:37","modified_gmt":"2025-08-27T12:23:37","slug":"dannie-black","status":"publish","type":"product","link":"https:\/\/tacklehockey.es\/fr\/producto\/dannie-black\/","title":{"rendered":"Funda DANNIE BLACK"},"content":{"rendered":"<p>La funda de palos Dannie est\u00e1 dise\u00f1ada para satisfacer todas tus necesidades durante las sesiones de entrenamiento, los d\u00edas de partido y los torneos. Se presenta como la soluci\u00f3n definitiva para la gesti\u00f3n de tu equipo. Con su panel trasero acolchado y correas para los hombros, esta funda garantiza una protecci\u00f3n \u00f3ptima para tu cuerpo mientras llevas tu equipo.<\/p>\n<p>Con una capacidad de 67 litros, cuenta con tres compartimentos principales espaciosos, lo que permite una organizaci\u00f3n eficiente de tus pertenencias. Adem\u00e1s, incluye un portabotellas exterior. La funda de palos Dannie establece el est\u00e1ndar de funcionalidad y organizaci\u00f3n, convirti\u00e9ndose en un compa\u00f1ero esencial para tus esfuerzos en el hockey.<\/p>\n<p>&nbsp;<\/p>\n<h3><span style=\"font-size: 20px; color: #8cc63f;\">Compartimentos<\/h3>\n<p>Dispone de un amplio espacio para acomodar todo tu equipo gracias a sus compartimentos inteligentemente dise\u00f1ados.<\/p>\n<p>Cuenta con dos compartimentos separados, lo que te permite mantener tus equipos limpio y sucio eficientemente separados. Esto asegura que tu equipo limpio permanezca impecable y no se vea afectado por olores o manchas.<\/p>\n<p>Adem\u00e1s, la funda incluye un compartimento superior abatible, que sirve como un espacio dedicado a organizar y acceder a tus pertenencias personales.<\/p>\n<p>&nbsp;<\/p>\n","protected":false},"excerpt":{"rendered":"<p>La funda de palos Dannie est\u00e1 dise\u00f1ada para satisfacer todas tus necesidades durante las sesiones de entrenamiento, los d\u00edas de partido y los torneos. Se presenta como la soluci\u00f3n definitiva para la gesti\u00f3n de tu equipo. Con su panel trasero acolchado y correas para los hombros, esta funda garantiza una protecci\u00f3n \u00f3ptima para tu cuerpo [&hellip;]<\/p>\n","protected":false},"featured_media":5041,"template":"","meta":[],"product_brand":[142],"product_cat":[125,43],"product_tag":[],"class_list":{"0":"post-2177","1":"product","2":"type-product","3":"status-publish","4":"has-post-thumbnail","6":"product_brand-gryphon","7":"product_cat-fundas-palos-hockey","8":"product_cat-fundas-hockey","10":"first","11":"instock","12":"shipping-taxable","13":"purchasable","14":"product-type-simple"},"yoast_head":"<!-- This site is optimized with the Yoast SEO plugin v27.3 - https:\/\/yoast.com\/product\/yoast-seo-wordpress\/ -->\n<title>Funda Dannie Black | Fundas palos hockey | Tackle Hockey<\/title>\n<meta name=\"description\" content=\"Funda Dannie Black especialmente dise\u00f1ada para transportar tus palos de Hockey. Disponible en color negro. Distribuidores oficiales de Gryphon en Espa\u00f1a\" \/>\n<meta name=\"robots\" content=\"index, follow, max-snippet:-1, max-image-preview:large, max-video-preview:-1\" \/>\n<link rel=\"canonical\" href=\"https:\/\/tacklehockey.es\/fr\/producto\/dannie-black\/\" \/>\n<meta property=\"og:locale\" content=\"fr_FR\" \/>\n<meta property=\"og:type\" content=\"article\" \/>\n<meta property=\"og:title\" content=\"Funda Dannie Black | Fundas palos hockey | Tackle Hockey\" \/>\n<meta property=\"og:description\" content=\"Funda Dannie Black especialmente dise\u00f1ada para transportar tus palos de Hockey. Disponible en color negro. Distribuidores oficiales de Gryphon en Espa\u00f1a\" \/>\n<meta property=\"og:url\" content=\"https:\/\/tacklehockey.es\/fr\/producto\/dannie-black\/\" \/>\n<meta property=\"og:site_name\" content=\"Tackle Hockey\" \/>\n<meta property=\"article:modified_time\" content=\"2025-08-27T12:23:37+00:00\" \/>\n<meta property=\"og:image\" content=\"https:\/\/tacklehockey.es\/wp-content\/uploads\/2025\/06\/Funda-Dannie-Black.jpg\" \/>\n\t<meta property=\"og:image:width\" content=\"800\" \/>\n\t<meta property=\"og:image:height\" content=\"800\" \/>\n\t<meta property=\"og:image:type\" content=\"image\/jpeg\" \/>\n<meta name=\"twitter:card\" content=\"summary_large_image\" \/>\n<meta name=\"twitter:title\" content=\"Funda Dannie Black | Fundas palos hockey | Tackle Hockey\" \/>\n<meta name=\"twitter:description\" content=\"Funda Dannie Black especialmente dise\u00f1ada para transportar tus palos de Hockey. Disponible en color negro. Distribuidores oficiales de Gryphon en Espa\u00f1a\" \/>\n<meta name=\"twitter:image\" content=\"https:\/\/tacklehockey.es\/wp-content\/uploads\/2025\/06\/Funda-Dannie-Black.jpg\" \/>\n<meta name=\"twitter:label1\" content=\"Dur\u00e9e de lecture estim\u00e9e\" \/>\n\t<meta name=\"twitter:data1\" content=\"2 minutes\" \/>\n<script type=\"application\/ld+json\" class=\"yoast-schema-graph\">{\"@context\":\"https:\\\/\\\/schema.org\",\"@graph\":[{\"@type\":\"WebPage\",\"@id\":\"https:\\\/\\\/tacklehockey.es\\\/fr\\\/producto\\\/dannie-black\\\/\",\"url\":\"https:\\\/\\\/tacklehockey.es\\\/fr\\\/producto\\\/dannie-black\\\/\",\"name\":\"Funda Dannie Black | Fundas palos hockey | Tackle Hockey\",\"isPartOf\":{\"@id\":\"https:\\\/\\\/tacklehockey.es\\\/fr\\\/#website\"},\"primaryImageOfPage\":{\"@id\":\"https:\\\/\\\/tacklehockey.es\\\/fr\\\/producto\\\/dannie-black\\\/#primaryimage\"},\"image\":{\"@id\":\"https:\\\/\\\/tacklehockey.es\\\/fr\\\/producto\\\/dannie-black\\\/#primaryimage\"},\"thumbnailUrl\":\"https:\\\/\\\/tacklehockey.es\\\/wp-content\\\/uploads\\\/2025\\\/06\\\/Funda-Dannie-Black.jpg\",\"datePublished\":\"2025-06-19T19:47:22+00:00\",\"dateModified\":\"2025-08-27T12:23:37+00:00\",\"description\":\"Funda Dannie Black especialmente dise\u00f1ada para transportar tus palos de Hockey. Disponible en color negro. Distribuidores oficiales de Gryphon en Espa\u00f1a\",\"breadcrumb\":{\"@id\":\"https:\\\/\\\/tacklehockey.es\\\/fr\\\/producto\\\/dannie-black\\\/#breadcrumb\"},\"inLanguage\":\"fr-FR\",\"potentialAction\":[{\"@type\":\"ReadAction\",\"target\":[\"https:\\\/\\\/tacklehockey.es\\\/fr\\\/producto\\\/dannie-black\\\/\"]}]},{\"@type\":\"ImageObject\",\"inLanguage\":\"fr-FR\",\"@id\":\"https:\\\/\\\/tacklehockey.es\\\/fr\\\/producto\\\/dannie-black\\\/#primaryimage\",\"url\":\"https:\\\/\\\/tacklehockey.es\\\/wp-content\\\/uploads\\\/2025\\\/06\\\/Funda-Dannie-Black.jpg\",\"contentUrl\":\"https:\\\/\\\/tacklehockey.es\\\/wp-content\\\/uploads\\\/2025\\\/06\\\/Funda-Dannie-Black.jpg\",\"width\":800,\"height\":800,\"caption\":\"Funda Dannie Black\"},{\"@type\":\"BreadcrumbList\",\"@id\":\"https:\\\/\\\/tacklehockey.es\\\/fr\\\/producto\\\/dannie-black\\\/#breadcrumb\",\"itemListElement\":[{\"@type\":\"ListItem\",\"position\":1,\"name\":\"Portada\",\"item\":\"https:\\\/\\\/tacklehockey.es\\\/fr\\\/\"},{\"@type\":\"ListItem\",\"position\":2,\"name\":\"Boutique\",\"item\":\"https:\\\/\\\/tacklehockey.es\\\/shop\\\/\"},{\"@type\":\"ListItem\",\"position\":3,\"name\":\"Funda DANNIE BLACK\"}]},{\"@type\":\"WebSite\",\"@id\":\"https:\\\/\\\/tacklehockey.es\\\/fr\\\/#website\",\"url\":\"https:\\\/\\\/tacklehockey.es\\\/fr\\\/\",\"name\":\"Tackle Hockey\",\"description\":\"Tienda de art\u00edculos de hockey hierba\",\"potentialAction\":[{\"@type\":\"SearchAction\",\"target\":{\"@type\":\"EntryPoint\",\"urlTemplate\":\"https:\\\/\\\/tacklehockey.es\\\/fr\\\/?s={search_term_string}\"},\"query-input\":{\"@type\":\"PropertyValueSpecification\",\"valueRequired\":true,\"valueName\":\"search_term_string\"}}],\"inLanguage\":\"fr-FR\"}]}<\/script>\n<!-- \/ Yoast SEO plugin. -->","yoast_head_json":{"title":"Funda Dannie Black | Fundas palos hockey | Tackle Hockey","description":"Funda Dannie Black especialmente dise\u00f1ada para transportar tus palos de Hockey. Disponible en color negro. Distribuidores oficiales de Gryphon en Espa\u00f1a","robots":{"index":"index","follow":"follow","max-snippet":"max-snippet:-1","max-image-preview":"max-image-preview:large","max-video-preview":"max-video-preview:-1"},"canonical":"https:\/\/tacklehockey.es\/fr\/producto\/dannie-black\/","og_locale":"fr_FR","og_type":"article","og_title":"Funda Dannie Black | Fundas palos hockey | Tackle Hockey","og_description":"Funda Dannie Black especialmente dise\u00f1ada para transportar tus palos de Hockey. Disponible en color negro. Distribuidores oficiales de Gryphon en Espa\u00f1a","og_url":"https:\/\/tacklehockey.es\/fr\/producto\/dannie-black\/","og_site_name":"Tackle Hockey","article_modified_time":"2025-08-27T12:23:37+00:00","og_image":[{"width":800,"height":800,"url":"https:\/\/tacklehockey.es\/wp-content\/uploads\/2025\/06\/Funda-Dannie-Black.jpg","type":"image\/jpeg"}],"twitter_card":"summary_large_image","twitter_title":"Funda Dannie Black | Fundas palos hockey | Tackle Hockey","twitter_description":"Funda Dannie Black especialmente dise\u00f1ada para transportar tus palos de Hockey. Disponible en color negro. Distribuidores oficiales de Gryphon en Espa\u00f1a","twitter_image":"https:\/\/tacklehockey.es\/wp-content\/uploads\/2025\/06\/Funda-Dannie-Black.jpg","twitter_misc":{"Dur\u00e9e de lecture estim\u00e9e":"2 minutes"},"schema":{"@context":"https:\/\/schema.org","@graph":[{"@type":"WebPage","@id":"https:\/\/tacklehockey.es\/fr\/producto\/dannie-black\/","url":"https:\/\/tacklehockey.es\/fr\/producto\/dannie-black\/","name":"Funda Dannie Black | Fundas palos hockey | Tackle Hockey","isPartOf":{"@id":"https:\/\/tacklehockey.es\/fr\/#website"},"primaryImageOfPage":{"@id":"https:\/\/tacklehockey.es\/fr\/producto\/dannie-black\/#primaryimage"},"image":{"@id":"https:\/\/tacklehockey.es\/fr\/producto\/dannie-black\/#primaryimage"},"thumbnailUrl":"https:\/\/tacklehockey.es\/wp-content\/uploads\/2025\/06\/Funda-Dannie-Black.jpg","datePublished":"2025-06-19T19:47:22+00:00","dateModified":"2025-08-27T12:23:37+00:00","description":"Funda Dannie Black especialmente dise\u00f1ada para transportar tus palos de Hockey. Disponible en color negro. Distribuidores oficiales de Gryphon en Espa\u00f1a","breadcrumb":{"@id":"https:\/\/tacklehockey.es\/fr\/producto\/dannie-black\/#breadcrumb"},"inLanguage":"fr-FR","potentialAction":[{"@type":"ReadAction","target":["https:\/\/tacklehockey.es\/fr\/producto\/dannie-black\/"]}]},{"@type":"ImageObject","inLanguage":"fr-FR","@id":"https:\/\/tacklehockey.es\/fr\/producto\/dannie-black\/#primaryimage","url":"https:\/\/tacklehockey.es\/wp-content\/uploads\/2025\/06\/Funda-Dannie-Black.jpg","contentUrl":"https:\/\/tacklehockey.es\/wp-content\/uploads\/2025\/06\/Funda-Dannie-Black.jpg","width":800,"height":800,"caption":"Funda Dannie Black"},{"@type":"BreadcrumbList","@id":"https:\/\/tacklehockey.es\/fr\/producto\/dannie-black\/#breadcrumb","itemListElement":[{"@type":"ListItem","position":1,"name":"Portada","item":"https:\/\/tacklehockey.es\/fr\/"},{"@type":"ListItem","position":2,"name":"Boutique","item":"https:\/\/tacklehockey.es\/shop\/"},{"@type":"ListItem","position":3,"name":"Funda DANNIE BLACK"}]},{"@type":"WebSite","@id":"https:\/\/tacklehockey.es\/fr\/#website","url":"https:\/\/tacklehockey.es\/fr\/","name":"Tackle Hockey","description":"Tienda de art\u00edculos de hockey hierba","potentialAction":[{"@type":"SearchAction","target":{"@type":"EntryPoint","urlTemplate":"https:\/\/tacklehockey.es\/fr\/?s={search_term_string}"},"query-input":{"@type":"PropertyValueSpecification","valueRequired":true,"valueName":"search_term_string"}}],"inLanguage":"fr-FR"}]}},"_links":{"self":[{"href":"https:\/\/tacklehockey.es\/fr\/wp-json\/wp\/v2\/product\/2177","targetHints":{"allow":["GET"]}}],"collection":[{"href":"https:\/\/tacklehockey.es\/fr\/wp-json\/wp\/v2\/product"}],"about":[{"href":"https:\/\/tacklehockey.es\/fr\/wp-json\/wp\/v2\/types\/product"}],"wp:featuredmedia":[{"embeddable":true,"href":"https:\/\/tacklehockey.es\/fr\/wp-json\/wp\/v2\/media\/5041"}],"wp:attachment":[{"href":"https:\/\/tacklehockey.es\/fr\/wp-json\/wp\/v2\/media?parent=2177"}],"wp:term":[{"taxonomy":"product_brand","embeddable":true,"href":"https:\/\/tacklehockey.es\/fr\/wp-json\/wp\/v2\/product_brand?post=2177"},{"taxonomy":"product_cat","embeddable":true,"href":"https:\/\/tacklehockey.es\/fr\/wp-json\/wp\/v2\/product_cat?post=2177"},{"taxonomy":"product_tag","embeddable":true,"href":"https:\/\/tacklehockey.es\/fr\/wp-json\/wp\/v2\/product_tag?post=2177"}],"curies":[{"name":"wp","href":"https:\/\/api.w.org\/{rel}","templated":true}]}}