{"id":2169,"date":"2025-06-19T19:47:22","date_gmt":"2025-06-19T19:47:22","guid":{"rendered":"https:\/\/tacklehockey.migracionesbgweb.com\/producto\/finnie-ice-blue\/"},"modified":"2025-08-27T14:23:32","modified_gmt":"2025-08-27T12:23:32","slug":"finnie-ice-blue","status":"publish","type":"product","link":"https:\/\/tacklehockey.es\/fr\/producto\/finnie-ice-blue\/","title":{"rendered":"Funda FINNIE ICE BLUE"},"content":{"rendered":"<p>La funda de hockey Finnie est\u00e1 dise\u00f1ada para ser tu compa\u00f1era de equipo definitiva, atendiendo todas tus necesidades durante las sesiones de entrenamiento, los d\u00edas de partido y los torneos. Se destaca como un compa\u00f1ero confiable y vers\u00e1til.<\/p>\n<p>Con su panel trasero aerodin\u00e1mico y correas para los hombros, esta funda asegura una protecci\u00f3n \u00f3ptima para tu cuerpo mientras llevas tu equipo.<\/p>\n<p>Ofrece una generosa capacidad de 48 litros, con tres compartimentos principales que proporcionan un amplio espacio para organizar tus esenciales de manera efectiva. Adem\u00e1s, la funda incluye un portabotellas externo para un f\u00e1cil acceso y una hidrataci\u00f3n adecuada.<\/p>\n<p>La funda de hockey Finnie est\u00e1 dise\u00f1ada con una organizaci\u00f3n meticulosa, permiti\u00e9ndote mantener tu equipo en orden y accesible para cada juego o sesi\u00f3n de entrenamiento.<\/p>\n","protected":false},"excerpt":{"rendered":"<p>La funda de hockey Finnie est\u00e1 dise\u00f1ada para ser tu compa\u00f1era de equipo definitiva, atendiendo todas tus necesidades durante las sesiones de entrenamiento, los d\u00edas de partido y los torneos. Se destaca como un compa\u00f1ero confiable y vers\u00e1til. Con su panel trasero aerodin\u00e1mico y correas para los hombros, esta funda asegura una protecci\u00f3n \u00f3ptima para [&hellip;]<\/p>\n","protected":false},"featured_media":5094,"template":"","meta":[],"product_brand":[142],"product_cat":[125,43],"product_tag":[],"class_list":{"0":"post-2169","1":"product","2":"type-product","3":"status-publish","4":"has-post-thumbnail","6":"product_brand-gryphon","7":"product_cat-fundas-palos-hockey","8":"product_cat-fundas-hockey","10":"first","11":"instock","12":"shipping-taxable","13":"purchasable","14":"product-type-simple"},"yoast_head":"<!-- This site is optimized with the Yoast SEO plugin v27.3 - https:\/\/yoast.com\/product\/yoast-seo-wordpress\/ -->\n<title>Funda ICE BLUE | Fundas palos hockey | Tackle Hockey<\/title>\n<meta name=\"description\" content=\"Funda ICE BLUE especialmente dise\u00f1ada para transportar tus palos de Hockey. Disponible en color azul. Distribuidores oficiales de Gryphon en Espa\u00f1a\" \/>\n<meta name=\"robots\" content=\"index, follow, max-snippet:-1, max-image-preview:large, max-video-preview:-1\" \/>\n<link rel=\"canonical\" href=\"https:\/\/tacklehockey.es\/fr\/producto\/finnie-ice-blue\/\" \/>\n<meta property=\"og:locale\" content=\"fr_FR\" \/>\n<meta property=\"og:type\" content=\"article\" \/>\n<meta property=\"og:title\" content=\"Funda ICE BLUE | Fundas palos hockey | Tackle Hockey\" \/>\n<meta property=\"og:description\" content=\"Funda ICE BLUE especialmente dise\u00f1ada para transportar tus palos de Hockey. Disponible en color azul. Distribuidores oficiales de Gryphon en Espa\u00f1a\" \/>\n<meta property=\"og:url\" content=\"https:\/\/tacklehockey.es\/fr\/producto\/finnie-ice-blue\/\" \/>\n<meta property=\"og:site_name\" content=\"Tackle Hockey\" \/>\n<meta property=\"article:modified_time\" content=\"2025-08-27T12:23:32+00:00\" \/>\n<meta property=\"og:image\" content=\"https:\/\/tacklehockey.es\/wp-content\/uploads\/2025\/06\/Funda-Finnie-Ice-Blue.jpg\" \/>\n\t<meta property=\"og:image:width\" content=\"800\" \/>\n\t<meta property=\"og:image:height\" content=\"800\" \/>\n\t<meta property=\"og:image:type\" content=\"image\/jpeg\" \/>\n<meta name=\"twitter:card\" content=\"summary_large_image\" \/>\n<meta name=\"twitter:title\" content=\"Funda ICE BLUE | Fundas palos hockey | Tackle Hockey\" \/>\n<meta name=\"twitter:description\" content=\"Funda ICE BLUE especialmente dise\u00f1ada para transportar tus palos de Hockey. Disponible en color azul. Distribuidores oficiales de Gryphon en Espa\u00f1a\" \/>\n<meta name=\"twitter:image\" content=\"https:\/\/tacklehockey.es\/wp-content\/uploads\/2025\/06\/Funda-Finnie-Ice-Blue.jpg\" \/>\n<meta name=\"twitter:label1\" content=\"Dur\u00e9e de lecture estim\u00e9e\" \/>\n\t<meta name=\"twitter:data1\" content=\"1 minute\" \/>\n<script type=\"application\/ld+json\" class=\"yoast-schema-graph\">{\"@context\":\"https:\\\/\\\/schema.org\",\"@graph\":[{\"@type\":\"WebPage\",\"@id\":\"https:\\\/\\\/tacklehockey.es\\\/fr\\\/producto\\\/finnie-ice-blue\\\/\",\"url\":\"https:\\\/\\\/tacklehockey.es\\\/fr\\\/producto\\\/finnie-ice-blue\\\/\",\"name\":\"Funda ICE BLUE | Fundas palos hockey | Tackle Hockey\",\"isPartOf\":{\"@id\":\"https:\\\/\\\/tacklehockey.es\\\/fr\\\/#website\"},\"primaryImageOfPage\":{\"@id\":\"https:\\\/\\\/tacklehockey.es\\\/fr\\\/producto\\\/finnie-ice-blue\\\/#primaryimage\"},\"image\":{\"@id\":\"https:\\\/\\\/tacklehockey.es\\\/fr\\\/producto\\\/finnie-ice-blue\\\/#primaryimage\"},\"thumbnailUrl\":\"https:\\\/\\\/tacklehockey.es\\\/wp-content\\\/uploads\\\/2025\\\/06\\\/Funda-Finnie-Ice-Blue.jpg\",\"datePublished\":\"2025-06-19T19:47:22+00:00\",\"dateModified\":\"2025-08-27T12:23:32+00:00\",\"description\":\"Funda ICE BLUE especialmente dise\u00f1ada para transportar tus palos de Hockey. Disponible en color azul. Distribuidores oficiales de Gryphon en Espa\u00f1a\",\"breadcrumb\":{\"@id\":\"https:\\\/\\\/tacklehockey.es\\\/fr\\\/producto\\\/finnie-ice-blue\\\/#breadcrumb\"},\"inLanguage\":\"fr-FR\",\"potentialAction\":[{\"@type\":\"ReadAction\",\"target\":[\"https:\\\/\\\/tacklehockey.es\\\/fr\\\/producto\\\/finnie-ice-blue\\\/\"]}]},{\"@type\":\"ImageObject\",\"inLanguage\":\"fr-FR\",\"@id\":\"https:\\\/\\\/tacklehockey.es\\\/fr\\\/producto\\\/finnie-ice-blue\\\/#primaryimage\",\"url\":\"https:\\\/\\\/tacklehockey.es\\\/wp-content\\\/uploads\\\/2025\\\/06\\\/Funda-Finnie-Ice-Blue.jpg\",\"contentUrl\":\"https:\\\/\\\/tacklehockey.es\\\/wp-content\\\/uploads\\\/2025\\\/06\\\/Funda-Finnie-Ice-Blue.jpg\",\"width\":800,\"height\":800,\"caption\":\"Funda Finnie Ice Blue\"},{\"@type\":\"BreadcrumbList\",\"@id\":\"https:\\\/\\\/tacklehockey.es\\\/fr\\\/producto\\\/finnie-ice-blue\\\/#breadcrumb\",\"itemListElement\":[{\"@type\":\"ListItem\",\"position\":1,\"name\":\"Portada\",\"item\":\"https:\\\/\\\/tacklehockey.es\\\/fr\\\/\"},{\"@type\":\"ListItem\",\"position\":2,\"name\":\"Boutique\",\"item\":\"https:\\\/\\\/tacklehockey.es\\\/shop\\\/\"},{\"@type\":\"ListItem\",\"position\":3,\"name\":\"Funda FINNIE ICE BLUE\"}]},{\"@type\":\"WebSite\",\"@id\":\"https:\\\/\\\/tacklehockey.es\\\/fr\\\/#website\",\"url\":\"https:\\\/\\\/tacklehockey.es\\\/fr\\\/\",\"name\":\"Tackle Hockey\",\"description\":\"Tienda de art\u00edculos de hockey hierba\",\"potentialAction\":[{\"@type\":\"SearchAction\",\"target\":{\"@type\":\"EntryPoint\",\"urlTemplate\":\"https:\\\/\\\/tacklehockey.es\\\/fr\\\/?s={search_term_string}\"},\"query-input\":{\"@type\":\"PropertyValueSpecification\",\"valueRequired\":true,\"valueName\":\"search_term_string\"}}],\"inLanguage\":\"fr-FR\"}]}<\/script>\n<!-- \/ Yoast SEO plugin. -->","yoast_head_json":{"title":"Funda ICE BLUE | Fundas palos hockey | Tackle Hockey","description":"Funda ICE BLUE especialmente dise\u00f1ada para transportar tus palos de Hockey. Disponible en color azul. Distribuidores oficiales de Gryphon en Espa\u00f1a","robots":{"index":"index","follow":"follow","max-snippet":"max-snippet:-1","max-image-preview":"max-image-preview:large","max-video-preview":"max-video-preview:-1"},"canonical":"https:\/\/tacklehockey.es\/fr\/producto\/finnie-ice-blue\/","og_locale":"fr_FR","og_type":"article","og_title":"Funda ICE BLUE | Fundas palos hockey | Tackle Hockey","og_description":"Funda ICE BLUE especialmente dise\u00f1ada para transportar tus palos de Hockey. Disponible en color azul. Distribuidores oficiales de Gryphon en Espa\u00f1a","og_url":"https:\/\/tacklehockey.es\/fr\/producto\/finnie-ice-blue\/","og_site_name":"Tackle Hockey","article_modified_time":"2025-08-27T12:23:32+00:00","og_image":[{"width":800,"height":800,"url":"https:\/\/tacklehockey.es\/wp-content\/uploads\/2025\/06\/Funda-Finnie-Ice-Blue.jpg","type":"image\/jpeg"}],"twitter_card":"summary_large_image","twitter_title":"Funda ICE BLUE | Fundas palos hockey | Tackle Hockey","twitter_description":"Funda ICE BLUE especialmente dise\u00f1ada para transportar tus palos de Hockey. Disponible en color azul. Distribuidores oficiales de Gryphon en Espa\u00f1a","twitter_image":"https:\/\/tacklehockey.es\/wp-content\/uploads\/2025\/06\/Funda-Finnie-Ice-Blue.jpg","twitter_misc":{"Dur\u00e9e de lecture estim\u00e9e":"1 minute"},"schema":{"@context":"https:\/\/schema.org","@graph":[{"@type":"WebPage","@id":"https:\/\/tacklehockey.es\/fr\/producto\/finnie-ice-blue\/","url":"https:\/\/tacklehockey.es\/fr\/producto\/finnie-ice-blue\/","name":"Funda ICE BLUE | Fundas palos hockey | Tackle Hockey","isPartOf":{"@id":"https:\/\/tacklehockey.es\/fr\/#website"},"primaryImageOfPage":{"@id":"https:\/\/tacklehockey.es\/fr\/producto\/finnie-ice-blue\/#primaryimage"},"image":{"@id":"https:\/\/tacklehockey.es\/fr\/producto\/finnie-ice-blue\/#primaryimage"},"thumbnailUrl":"https:\/\/tacklehockey.es\/wp-content\/uploads\/2025\/06\/Funda-Finnie-Ice-Blue.jpg","datePublished":"2025-06-19T19:47:22+00:00","dateModified":"2025-08-27T12:23:32+00:00","description":"Funda ICE BLUE especialmente dise\u00f1ada para transportar tus palos de Hockey. Disponible en color azul. Distribuidores oficiales de Gryphon en Espa\u00f1a","breadcrumb":{"@id":"https:\/\/tacklehockey.es\/fr\/producto\/finnie-ice-blue\/#breadcrumb"},"inLanguage":"fr-FR","potentialAction":[{"@type":"ReadAction","target":["https:\/\/tacklehockey.es\/fr\/producto\/finnie-ice-blue\/"]}]},{"@type":"ImageObject","inLanguage":"fr-FR","@id":"https:\/\/tacklehockey.es\/fr\/producto\/finnie-ice-blue\/#primaryimage","url":"https:\/\/tacklehockey.es\/wp-content\/uploads\/2025\/06\/Funda-Finnie-Ice-Blue.jpg","contentUrl":"https:\/\/tacklehockey.es\/wp-content\/uploads\/2025\/06\/Funda-Finnie-Ice-Blue.jpg","width":800,"height":800,"caption":"Funda Finnie Ice Blue"},{"@type":"BreadcrumbList","@id":"https:\/\/tacklehockey.es\/fr\/producto\/finnie-ice-blue\/#breadcrumb","itemListElement":[{"@type":"ListItem","position":1,"name":"Portada","item":"https:\/\/tacklehockey.es\/fr\/"},{"@type":"ListItem","position":2,"name":"Boutique","item":"https:\/\/tacklehockey.es\/shop\/"},{"@type":"ListItem","position":3,"name":"Funda FINNIE ICE BLUE"}]},{"@type":"WebSite","@id":"https:\/\/tacklehockey.es\/fr\/#website","url":"https:\/\/tacklehockey.es\/fr\/","name":"Tackle Hockey","description":"Tienda de art\u00edculos de hockey hierba","potentialAction":[{"@type":"SearchAction","target":{"@type":"EntryPoint","urlTemplate":"https:\/\/tacklehockey.es\/fr\/?s={search_term_string}"},"query-input":{"@type":"PropertyValueSpecification","valueRequired":true,"valueName":"search_term_string"}}],"inLanguage":"fr-FR"}]}},"_links":{"self":[{"href":"https:\/\/tacklehockey.es\/fr\/wp-json\/wp\/v2\/product\/2169","targetHints":{"allow":["GET"]}}],"collection":[{"href":"https:\/\/tacklehockey.es\/fr\/wp-json\/wp\/v2\/product"}],"about":[{"href":"https:\/\/tacklehockey.es\/fr\/wp-json\/wp\/v2\/types\/product"}],"wp:featuredmedia":[{"embeddable":true,"href":"https:\/\/tacklehockey.es\/fr\/wp-json\/wp\/v2\/media\/5094"}],"wp:attachment":[{"href":"https:\/\/tacklehockey.es\/fr\/wp-json\/wp\/v2\/media?parent=2169"}],"wp:term":[{"taxonomy":"product_brand","embeddable":true,"href":"https:\/\/tacklehockey.es\/fr\/wp-json\/wp\/v2\/product_brand?post=2169"},{"taxonomy":"product_cat","embeddable":true,"href":"https:\/\/tacklehockey.es\/fr\/wp-json\/wp\/v2\/product_cat?post=2169"},{"taxonomy":"product_tag","embeddable":true,"href":"https:\/\/tacklehockey.es\/fr\/wp-json\/wp\/v2\/product_tag?post=2169"}],"curies":[{"name":"wp","href":"https:\/\/api.w.org\/{rel}","templated":true}]}}