{"id":2165,"date":"2025-06-19T19:47:22","date_gmt":"2025-06-19T19:47:22","guid":{"rendered":"https:\/\/tacklehockey.migracionesbgweb.com\/producto\/sammie\/"},"modified":"2025-08-27T14:23:30","modified_gmt":"2025-08-27T12:23:30","slug":"sammie","status":"publish","type":"product","link":"https:\/\/tacklehockey.es\/fr\/producto\/sammie\/","title":{"rendered":"Funda SAMMIE"},"content":{"rendered":"<p data-start=\"95\" data-end=\"560\">La<strong data-start=\"95\" data-end=\"110\"> funda de palos de hockey Sammie<\/strong> es tu soluci\u00f3n todo en uno para transportar tu equipamiento de hockey con facilidad y comodidad.<\/p>\n<p data-start=\"95\" data-end=\"560\">Con un sistema tipo trolley de dos ruedas, m\u00faltiples compartimentos y un bolsillo espec\u00edfico para palos, esta funda est\u00e1 dise\u00f1ada para que desplazarte entre partidos sea pan comido.<\/p>\n<p data-start=\"95\" data-end=\"560\">Fabricada con materiales duraderos y caracter\u00edsticas de organizaci\u00f3n inteligentes, la funda <strong data-start=\"476\" data-end=\"488\">SAMMIE <\/strong>garantiza que todo tu equipo est\u00e9 protegido y sea f\u00e1cilmente accesible.<\/p>\n","protected":false},"excerpt":{"rendered":"<p>La funda de palos de hockey Sammie es tu soluci\u00f3n todo en uno para transportar tu equipamiento de hockey con facilidad y comodidad. Con un sistema tipo trolley de dos ruedas, m\u00faltiples compartimentos y un bolsillo espec\u00edfico para palos, esta funda est\u00e1 dise\u00f1ada para que desplazarte entre partidos sea pan comido. Fabricada con materiales duraderos [&hellip;]<\/p>\n","protected":false},"featured_media":5067,"template":"","meta":[],"product_brand":[142],"product_cat":[125,43],"product_tag":[],"class_list":{"0":"post-2165","1":"product","2":"type-product","3":"status-publish","4":"has-post-thumbnail","6":"product_brand-gryphon","7":"product_cat-fundas-palos-hockey","8":"product_cat-fundas-hockey","10":"first","11":"instock","12":"shipping-taxable","13":"purchasable","14":"product-type-simple"},"yoast_head":"<!-- This site is optimized with the Yoast SEO plugin v27.3 - https:\/\/yoast.com\/product\/yoast-seo-wordpress\/ -->\n<title>Funda SAMMIE | Fundas palos hockey | Tackle Hockey<\/title>\n<meta name=\"description\" content=\"Funda SAMMIE especialmente dise\u00f1ada para transportar tus palos de Hockey. Disponible en color negro. Distribuidores oficiales de Gryphon en Espa\u00f1a\" \/>\n<meta name=\"robots\" content=\"index, follow, max-snippet:-1, max-image-preview:large, max-video-preview:-1\" \/>\n<link rel=\"canonical\" href=\"https:\/\/tacklehockey.es\/fr\/producto\/sammie\/\" \/>\n<meta property=\"og:locale\" content=\"fr_FR\" \/>\n<meta property=\"og:type\" content=\"article\" \/>\n<meta property=\"og:title\" content=\"Funda SAMMIE | Fundas palos hockey | Tackle Hockey\" \/>\n<meta property=\"og:description\" content=\"Funda SAMMIE especialmente dise\u00f1ada para transportar tus palos de Hockey. Disponible en color negro. Distribuidores oficiales de Gryphon en Espa\u00f1a\" \/>\n<meta property=\"og:url\" content=\"https:\/\/tacklehockey.es\/fr\/producto\/sammie\/\" \/>\n<meta property=\"og:site_name\" content=\"Tackle Hockey\" \/>\n<meta property=\"article:modified_time\" content=\"2025-08-27T12:23:30+00:00\" \/>\n<meta property=\"og:image\" content=\"https:\/\/tacklehockey.es\/wp-content\/uploads\/2025\/06\/Funda-Sammie-Hockey.jpg\" \/>\n\t<meta property=\"og:image:width\" content=\"800\" \/>\n\t<meta property=\"og:image:height\" content=\"800\" \/>\n\t<meta property=\"og:image:type\" content=\"image\/jpeg\" \/>\n<meta name=\"twitter:card\" content=\"summary_large_image\" \/>\n<meta name=\"twitter:title\" content=\"Funda SAMMIE | Fundas palos hockey | Tackle Hockey\" \/>\n<meta name=\"twitter:description\" content=\"Funda SAMMIE especialmente dise\u00f1ada para transportar tus palos de Hockey. Disponible en color negro. Distribuidores oficiales de Gryphon en Espa\u00f1a\" \/>\n<meta name=\"twitter:image\" content=\"https:\/\/tacklehockey.es\/wp-content\/uploads\/2025\/06\/Funda-Sammie-Hockey.jpg\" \/>\n<meta name=\"twitter:label1\" content=\"Dur\u00e9e de lecture estim\u00e9e\" \/>\n\t<meta name=\"twitter:data1\" content=\"1 minute\" \/>\n<script type=\"application\/ld+json\" class=\"yoast-schema-graph\">{\"@context\":\"https:\\\/\\\/schema.org\",\"@graph\":[{\"@type\":\"WebPage\",\"@id\":\"https:\\\/\\\/tacklehockey.es\\\/fr\\\/producto\\\/sammie\\\/\",\"url\":\"https:\\\/\\\/tacklehockey.es\\\/fr\\\/producto\\\/sammie\\\/\",\"name\":\"Funda SAMMIE | Fundas palos hockey | Tackle Hockey\",\"isPartOf\":{\"@id\":\"https:\\\/\\\/tacklehockey.es\\\/fr\\\/#website\"},\"primaryImageOfPage\":{\"@id\":\"https:\\\/\\\/tacklehockey.es\\\/fr\\\/producto\\\/sammie\\\/#primaryimage\"},\"image\":{\"@id\":\"https:\\\/\\\/tacklehockey.es\\\/fr\\\/producto\\\/sammie\\\/#primaryimage\"},\"thumbnailUrl\":\"https:\\\/\\\/tacklehockey.es\\\/wp-content\\\/uploads\\\/2025\\\/06\\\/Funda-Sammie-Hockey.jpg\",\"datePublished\":\"2025-06-19T19:47:22+00:00\",\"dateModified\":\"2025-08-27T12:23:30+00:00\",\"description\":\"Funda SAMMIE especialmente dise\u00f1ada para transportar tus palos de Hockey. Disponible en color negro. Distribuidores oficiales de Gryphon en Espa\u00f1a\",\"breadcrumb\":{\"@id\":\"https:\\\/\\\/tacklehockey.es\\\/fr\\\/producto\\\/sammie\\\/#breadcrumb\"},\"inLanguage\":\"fr-FR\",\"potentialAction\":[{\"@type\":\"ReadAction\",\"target\":[\"https:\\\/\\\/tacklehockey.es\\\/fr\\\/producto\\\/sammie\\\/\"]}]},{\"@type\":\"ImageObject\",\"inLanguage\":\"fr-FR\",\"@id\":\"https:\\\/\\\/tacklehockey.es\\\/fr\\\/producto\\\/sammie\\\/#primaryimage\",\"url\":\"https:\\\/\\\/tacklehockey.es\\\/wp-content\\\/uploads\\\/2025\\\/06\\\/Funda-Sammie-Hockey.jpg\",\"contentUrl\":\"https:\\\/\\\/tacklehockey.es\\\/wp-content\\\/uploads\\\/2025\\\/06\\\/Funda-Sammie-Hockey.jpg\",\"width\":800,\"height\":800,\"caption\":\"Funda Sammie Hockey\"},{\"@type\":\"BreadcrumbList\",\"@id\":\"https:\\\/\\\/tacklehockey.es\\\/fr\\\/producto\\\/sammie\\\/#breadcrumb\",\"itemListElement\":[{\"@type\":\"ListItem\",\"position\":1,\"name\":\"Portada\",\"item\":\"https:\\\/\\\/tacklehockey.es\\\/fr\\\/\"},{\"@type\":\"ListItem\",\"position\":2,\"name\":\"Boutique\",\"item\":\"https:\\\/\\\/tacklehockey.es\\\/shop\\\/\"},{\"@type\":\"ListItem\",\"position\":3,\"name\":\"Funda SAMMIE\"}]},{\"@type\":\"WebSite\",\"@id\":\"https:\\\/\\\/tacklehockey.es\\\/fr\\\/#website\",\"url\":\"https:\\\/\\\/tacklehockey.es\\\/fr\\\/\",\"name\":\"Tackle Hockey\",\"description\":\"Tienda de art\u00edculos de hockey hierba\",\"potentialAction\":[{\"@type\":\"SearchAction\",\"target\":{\"@type\":\"EntryPoint\",\"urlTemplate\":\"https:\\\/\\\/tacklehockey.es\\\/fr\\\/?s={search_term_string}\"},\"query-input\":{\"@type\":\"PropertyValueSpecification\",\"valueRequired\":true,\"valueName\":\"search_term_string\"}}],\"inLanguage\":\"fr-FR\"}]}<\/script>\n<!-- \/ Yoast SEO plugin. -->","yoast_head_json":{"title":"Funda SAMMIE | Fundas palos hockey | Tackle Hockey","description":"Funda SAMMIE especialmente dise\u00f1ada para transportar tus palos de Hockey. Disponible en color negro. Distribuidores oficiales de Gryphon en Espa\u00f1a","robots":{"index":"index","follow":"follow","max-snippet":"max-snippet:-1","max-image-preview":"max-image-preview:large","max-video-preview":"max-video-preview:-1"},"canonical":"https:\/\/tacklehockey.es\/fr\/producto\/sammie\/","og_locale":"fr_FR","og_type":"article","og_title":"Funda SAMMIE | Fundas palos hockey | Tackle Hockey","og_description":"Funda SAMMIE especialmente dise\u00f1ada para transportar tus palos de Hockey. Disponible en color negro. Distribuidores oficiales de Gryphon en Espa\u00f1a","og_url":"https:\/\/tacklehockey.es\/fr\/producto\/sammie\/","og_site_name":"Tackle Hockey","article_modified_time":"2025-08-27T12:23:30+00:00","og_image":[{"width":800,"height":800,"url":"https:\/\/tacklehockey.es\/wp-content\/uploads\/2025\/06\/Funda-Sammie-Hockey.jpg","type":"image\/jpeg"}],"twitter_card":"summary_large_image","twitter_title":"Funda SAMMIE | Fundas palos hockey | Tackle Hockey","twitter_description":"Funda SAMMIE especialmente dise\u00f1ada para transportar tus palos de Hockey. Disponible en color negro. Distribuidores oficiales de Gryphon en Espa\u00f1a","twitter_image":"https:\/\/tacklehockey.es\/wp-content\/uploads\/2025\/06\/Funda-Sammie-Hockey.jpg","twitter_misc":{"Dur\u00e9e de lecture estim\u00e9e":"1 minute"},"schema":{"@context":"https:\/\/schema.org","@graph":[{"@type":"WebPage","@id":"https:\/\/tacklehockey.es\/fr\/producto\/sammie\/","url":"https:\/\/tacklehockey.es\/fr\/producto\/sammie\/","name":"Funda SAMMIE | Fundas palos hockey | Tackle Hockey","isPartOf":{"@id":"https:\/\/tacklehockey.es\/fr\/#website"},"primaryImageOfPage":{"@id":"https:\/\/tacklehockey.es\/fr\/producto\/sammie\/#primaryimage"},"image":{"@id":"https:\/\/tacklehockey.es\/fr\/producto\/sammie\/#primaryimage"},"thumbnailUrl":"https:\/\/tacklehockey.es\/wp-content\/uploads\/2025\/06\/Funda-Sammie-Hockey.jpg","datePublished":"2025-06-19T19:47:22+00:00","dateModified":"2025-08-27T12:23:30+00:00","description":"Funda SAMMIE especialmente dise\u00f1ada para transportar tus palos de Hockey. Disponible en color negro. Distribuidores oficiales de Gryphon en Espa\u00f1a","breadcrumb":{"@id":"https:\/\/tacklehockey.es\/fr\/producto\/sammie\/#breadcrumb"},"inLanguage":"fr-FR","potentialAction":[{"@type":"ReadAction","target":["https:\/\/tacklehockey.es\/fr\/producto\/sammie\/"]}]},{"@type":"ImageObject","inLanguage":"fr-FR","@id":"https:\/\/tacklehockey.es\/fr\/producto\/sammie\/#primaryimage","url":"https:\/\/tacklehockey.es\/wp-content\/uploads\/2025\/06\/Funda-Sammie-Hockey.jpg","contentUrl":"https:\/\/tacklehockey.es\/wp-content\/uploads\/2025\/06\/Funda-Sammie-Hockey.jpg","width":800,"height":800,"caption":"Funda Sammie Hockey"},{"@type":"BreadcrumbList","@id":"https:\/\/tacklehockey.es\/fr\/producto\/sammie\/#breadcrumb","itemListElement":[{"@type":"ListItem","position":1,"name":"Portada","item":"https:\/\/tacklehockey.es\/fr\/"},{"@type":"ListItem","position":2,"name":"Boutique","item":"https:\/\/tacklehockey.es\/shop\/"},{"@type":"ListItem","position":3,"name":"Funda SAMMIE"}]},{"@type":"WebSite","@id":"https:\/\/tacklehockey.es\/fr\/#website","url":"https:\/\/tacklehockey.es\/fr\/","name":"Tackle Hockey","description":"Tienda de art\u00edculos de hockey hierba","potentialAction":[{"@type":"SearchAction","target":{"@type":"EntryPoint","urlTemplate":"https:\/\/tacklehockey.es\/fr\/?s={search_term_string}"},"query-input":{"@type":"PropertyValueSpecification","valueRequired":true,"valueName":"search_term_string"}}],"inLanguage":"fr-FR"}]}},"_links":{"self":[{"href":"https:\/\/tacklehockey.es\/fr\/wp-json\/wp\/v2\/product\/2165","targetHints":{"allow":["GET"]}}],"collection":[{"href":"https:\/\/tacklehockey.es\/fr\/wp-json\/wp\/v2\/product"}],"about":[{"href":"https:\/\/tacklehockey.es\/fr\/wp-json\/wp\/v2\/types\/product"}],"wp:featuredmedia":[{"embeddable":true,"href":"https:\/\/tacklehockey.es\/fr\/wp-json\/wp\/v2\/media\/5067"}],"wp:attachment":[{"href":"https:\/\/tacklehockey.es\/fr\/wp-json\/wp\/v2\/media?parent=2165"}],"wp:term":[{"taxonomy":"product_brand","embeddable":true,"href":"https:\/\/tacklehockey.es\/fr\/wp-json\/wp\/v2\/product_brand?post=2165"},{"taxonomy":"product_cat","embeddable":true,"href":"https:\/\/tacklehockey.es\/fr\/wp-json\/wp\/v2\/product_cat?post=2165"},{"taxonomy":"product_tag","embeddable":true,"href":"https:\/\/tacklehockey.es\/fr\/wp-json\/wp\/v2\/product_tag?post=2165"}],"curies":[{"name":"wp","href":"https:\/\/api.w.org\/{rel}","templated":true}]}}