{"id":2163,"date":"2025-06-19T19:47:22","date_gmt":"2025-06-19T19:47:22","guid":{"rendered":"https:\/\/tacklehockey.migracionesbgweb.com\/producto\/midi-pro-bag-teal\/"},"modified":"2025-08-27T14:26:06","modified_gmt":"2025-08-27T12:26:06","slug":"midi-pro","status":"publish","type":"product","link":"https:\/\/tacklehockey.es\/fr\/producto\/midi-pro\/","title":{"rendered":"Funda MIDI PRO"},"content":{"rendered":"<p>La funda Midi Pro es de tama\u00f1o perfecto para cualquier jugador. Dise\u00f1ado para quienes buscan todas las caracter\u00edsticas de una funda grande pero en un tama\u00f1o compacto.<\/p>\n","protected":false},"excerpt":{"rendered":"<p>La funda Midi Pro es de tama\u00f1o perfecto para cualquier jugador. Dise\u00f1ado para quienes buscan todas las caracter\u00edsticas de una funda grande pero en un tama\u00f1o compacto.<\/p>\n","protected":false},"featured_media":5122,"template":"","meta":[],"product_brand":[326],"product_cat":[125,43],"product_tag":[],"class_list":{"0":"post-2163","1":"product","2":"type-product","3":"status-publish","4":"has-post-thumbnail","6":"product_brand-jdh","7":"product_cat-fundas-palos-hockey","8":"product_cat-fundas-hockey","10":"first","11":"instock","12":"shipping-taxable","13":"purchasable","14":"product-type-variable"},"yoast_head":"<!-- This site is optimized with the Yoast SEO plugin v27.3 - https:\/\/yoast.com\/product\/yoast-seo-wordpress\/ -->\n<title>Funda MIDI PRO | Fundas palos hockey | Tackle Hockey<\/title>\n<meta name=\"description\" content=\"Funda MIDI PRO dise\u00f1ada para transportar tus palos de Hockey. Disponible en color negro, con detalles en azul o verde. Distribuidores oficiales de JDH\" \/>\n<meta name=\"robots\" content=\"index, follow, max-snippet:-1, max-image-preview:large, max-video-preview:-1\" \/>\n<link rel=\"canonical\" href=\"https:\/\/tacklehockey.es\/fr\/producto\/midi-pro\/\" \/>\n<meta property=\"og:locale\" content=\"fr_FR\" \/>\n<meta property=\"og:type\" content=\"article\" \/>\n<meta property=\"og:title\" content=\"Funda MIDI PRO | Fundas palos hockey | Tackle Hockey\" \/>\n<meta property=\"og:description\" content=\"Funda MIDI PRO especialmente dise\u00f1ada para transportar tus palos de Hockey. Disponible en color negro, con detalles en azul o verde. Distribuidores oficiales de JDH\" \/>\n<meta property=\"og:url\" content=\"https:\/\/tacklehockey.es\/fr\/producto\/midi-pro\/\" \/>\n<meta property=\"og:site_name\" content=\"Tackle Hockey\" \/>\n<meta property=\"article:modified_time\" content=\"2025-08-27T12:26:06+00:00\" \/>\n<meta property=\"og:image\" content=\"https:\/\/tacklehockey.es\/wp-content\/uploads\/2025\/06\/Funda-Midi-Pro-JDH-Azul.jpg\" \/>\n\t<meta property=\"og:image:width\" content=\"800\" \/>\n\t<meta property=\"og:image:height\" content=\"800\" \/>\n\t<meta property=\"og:image:type\" content=\"image\/jpeg\" \/>\n<meta name=\"twitter:card\" content=\"summary_large_image\" \/>\n<meta name=\"twitter:title\" content=\"Funda MIDI PRO | Fundas palos hockey | Tackle Hockey\" \/>\n<meta name=\"twitter:description\" content=\"Funda MIDI PRO especialmente dise\u00f1ada para transportar tus palos de Hockey. Disponible en color negro, con detalles en azul o verde. Distribuidores oficiales de JDH\" \/>\n<meta name=\"twitter:image\" content=\"https:\/\/tacklehockey.es\/wp-content\/uploads\/2025\/06\/Funda-Midi-Pro-JDH-Azul.jpg\" \/>\n<meta name=\"twitter:label1\" content=\"Dur\u00e9e de lecture estim\u00e9e\" \/>\n\t<meta name=\"twitter:data1\" content=\"1 minute\" \/>\n<script type=\"application\/ld+json\" class=\"yoast-schema-graph\">{\"@context\":\"https:\\\/\\\/schema.org\",\"@graph\":[{\"@type\":\"WebPage\",\"@id\":\"https:\\\/\\\/tacklehockey.es\\\/fr\\\/producto\\\/midi-pro\\\/\",\"url\":\"https:\\\/\\\/tacklehockey.es\\\/fr\\\/producto\\\/midi-pro\\\/\",\"name\":\"Funda MIDI PRO | Fundas palos hockey | Tackle Hockey\",\"isPartOf\":{\"@id\":\"https:\\\/\\\/tacklehockey.es\\\/fr\\\/#website\"},\"primaryImageOfPage\":{\"@id\":\"https:\\\/\\\/tacklehockey.es\\\/fr\\\/producto\\\/midi-pro\\\/#primaryimage\"},\"image\":{\"@id\":\"https:\\\/\\\/tacklehockey.es\\\/fr\\\/producto\\\/midi-pro\\\/#primaryimage\"},\"thumbnailUrl\":\"https:\\\/\\\/tacklehockey.es\\\/wp-content\\\/uploads\\\/2025\\\/07\\\/Funda-Midi-Pro-JDH-verde.jpg\",\"datePublished\":\"2025-06-19T19:47:22+00:00\",\"dateModified\":\"2025-08-27T12:26:06+00:00\",\"description\":\"Funda MIDI PRO dise\u00f1ada para transportar tus palos de Hockey. Disponible en color negro, con detalles en azul o verde. Distribuidores oficiales de JDH\",\"breadcrumb\":{\"@id\":\"https:\\\/\\\/tacklehockey.es\\\/fr\\\/producto\\\/midi-pro\\\/#breadcrumb\"},\"inLanguage\":\"fr-FR\",\"potentialAction\":[{\"@type\":\"ReadAction\",\"target\":[\"https:\\\/\\\/tacklehockey.es\\\/fr\\\/producto\\\/midi-pro\\\/\"]}]},{\"@type\":\"ImageObject\",\"inLanguage\":\"fr-FR\",\"@id\":\"https:\\\/\\\/tacklehockey.es\\\/fr\\\/producto\\\/midi-pro\\\/#primaryimage\",\"url\":\"https:\\\/\\\/tacklehockey.es\\\/wp-content\\\/uploads\\\/2025\\\/07\\\/Funda-Midi-Pro-JDH-verde.jpg\",\"contentUrl\":\"https:\\\/\\\/tacklehockey.es\\\/wp-content\\\/uploads\\\/2025\\\/07\\\/Funda-Midi-Pro-JDH-verde.jpg\",\"width\":800,\"height\":800,\"caption\":\"Funda Midi Pro JDH verde\"},{\"@type\":\"BreadcrumbList\",\"@id\":\"https:\\\/\\\/tacklehockey.es\\\/fr\\\/producto\\\/midi-pro\\\/#breadcrumb\",\"itemListElement\":[{\"@type\":\"ListItem\",\"position\":1,\"name\":\"Portada\",\"item\":\"https:\\\/\\\/tacklehockey.es\\\/fr\\\/\"},{\"@type\":\"ListItem\",\"position\":2,\"name\":\"Boutique\",\"item\":\"https:\\\/\\\/tacklehockey.es\\\/shop\\\/\"},{\"@type\":\"ListItem\",\"position\":3,\"name\":\"Funda MIDI PRO\"}]},{\"@type\":\"WebSite\",\"@id\":\"https:\\\/\\\/tacklehockey.es\\\/fr\\\/#website\",\"url\":\"https:\\\/\\\/tacklehockey.es\\\/fr\\\/\",\"name\":\"Tackle Hockey\",\"description\":\"Tienda de art\u00edculos de hockey hierba\",\"potentialAction\":[{\"@type\":\"SearchAction\",\"target\":{\"@type\":\"EntryPoint\",\"urlTemplate\":\"https:\\\/\\\/tacklehockey.es\\\/fr\\\/?s={search_term_string}\"},\"query-input\":{\"@type\":\"PropertyValueSpecification\",\"valueRequired\":true,\"valueName\":\"search_term_string\"}}],\"inLanguage\":\"fr-FR\"}]}<\/script>\n<!-- \/ Yoast SEO plugin. -->","yoast_head_json":{"title":"Funda MIDI PRO | Fundas palos hockey | Tackle Hockey","description":"Funda MIDI PRO dise\u00f1ada para transportar tus palos de Hockey. Disponible en color negro, con detalles en azul o verde. Distribuidores oficiales de JDH","robots":{"index":"index","follow":"follow","max-snippet":"max-snippet:-1","max-image-preview":"max-image-preview:large","max-video-preview":"max-video-preview:-1"},"canonical":"https:\/\/tacklehockey.es\/fr\/producto\/midi-pro\/","og_locale":"fr_FR","og_type":"article","og_title":"Funda MIDI PRO | Fundas palos hockey | Tackle Hockey","og_description":"Funda MIDI PRO especialmente dise\u00f1ada para transportar tus palos de Hockey. Disponible en color negro, con detalles en azul o verde. Distribuidores oficiales de JDH","og_url":"https:\/\/tacklehockey.es\/fr\/producto\/midi-pro\/","og_site_name":"Tackle Hockey","article_modified_time":"2025-08-27T12:26:06+00:00","og_image":[{"width":800,"height":800,"url":"https:\/\/tacklehockey.es\/wp-content\/uploads\/2025\/06\/Funda-Midi-Pro-JDH-Azul.jpg","type":"image\/jpeg"}],"twitter_card":"summary_large_image","twitter_title":"Funda MIDI PRO | Fundas palos hockey | Tackle Hockey","twitter_description":"Funda MIDI PRO especialmente dise\u00f1ada para transportar tus palos de Hockey. Disponible en color negro, con detalles en azul o verde. Distribuidores oficiales de JDH","twitter_image":"https:\/\/tacklehockey.es\/wp-content\/uploads\/2025\/06\/Funda-Midi-Pro-JDH-Azul.jpg","twitter_misc":{"Dur\u00e9e de lecture estim\u00e9e":"1 minute"},"schema":{"@context":"https:\/\/schema.org","@graph":[{"@type":"WebPage","@id":"https:\/\/tacklehockey.es\/fr\/producto\/midi-pro\/","url":"https:\/\/tacklehockey.es\/fr\/producto\/midi-pro\/","name":"Funda MIDI PRO | Fundas palos hockey | Tackle Hockey","isPartOf":{"@id":"https:\/\/tacklehockey.es\/fr\/#website"},"primaryImageOfPage":{"@id":"https:\/\/tacklehockey.es\/fr\/producto\/midi-pro\/#primaryimage"},"image":{"@id":"https:\/\/tacklehockey.es\/fr\/producto\/midi-pro\/#primaryimage"},"thumbnailUrl":"https:\/\/tacklehockey.es\/wp-content\/uploads\/2025\/07\/Funda-Midi-Pro-JDH-verde.jpg","datePublished":"2025-06-19T19:47:22+00:00","dateModified":"2025-08-27T12:26:06+00:00","description":"Funda MIDI PRO dise\u00f1ada para transportar tus palos de Hockey. Disponible en color negro, con detalles en azul o verde. Distribuidores oficiales de JDH","breadcrumb":{"@id":"https:\/\/tacklehockey.es\/fr\/producto\/midi-pro\/#breadcrumb"},"inLanguage":"fr-FR","potentialAction":[{"@type":"ReadAction","target":["https:\/\/tacklehockey.es\/fr\/producto\/midi-pro\/"]}]},{"@type":"ImageObject","inLanguage":"fr-FR","@id":"https:\/\/tacklehockey.es\/fr\/producto\/midi-pro\/#primaryimage","url":"https:\/\/tacklehockey.es\/wp-content\/uploads\/2025\/07\/Funda-Midi-Pro-JDH-verde.jpg","contentUrl":"https:\/\/tacklehockey.es\/wp-content\/uploads\/2025\/07\/Funda-Midi-Pro-JDH-verde.jpg","width":800,"height":800,"caption":"Funda Midi Pro JDH verde"},{"@type":"BreadcrumbList","@id":"https:\/\/tacklehockey.es\/fr\/producto\/midi-pro\/#breadcrumb","itemListElement":[{"@type":"ListItem","position":1,"name":"Portada","item":"https:\/\/tacklehockey.es\/fr\/"},{"@type":"ListItem","position":2,"name":"Boutique","item":"https:\/\/tacklehockey.es\/shop\/"},{"@type":"ListItem","position":3,"name":"Funda MIDI PRO"}]},{"@type":"WebSite","@id":"https:\/\/tacklehockey.es\/fr\/#website","url":"https:\/\/tacklehockey.es\/fr\/","name":"Tackle Hockey","description":"Tienda de art\u00edculos de hockey hierba","potentialAction":[{"@type":"SearchAction","target":{"@type":"EntryPoint","urlTemplate":"https:\/\/tacklehockey.es\/fr\/?s={search_term_string}"},"query-input":{"@type":"PropertyValueSpecification","valueRequired":true,"valueName":"search_term_string"}}],"inLanguage":"fr-FR"}]}},"_links":{"self":[{"href":"https:\/\/tacklehockey.es\/fr\/wp-json\/wp\/v2\/product\/2163","targetHints":{"allow":["GET"]}}],"collection":[{"href":"https:\/\/tacklehockey.es\/fr\/wp-json\/wp\/v2\/product"}],"about":[{"href":"https:\/\/tacklehockey.es\/fr\/wp-json\/wp\/v2\/types\/product"}],"wp:featuredmedia":[{"embeddable":true,"href":"https:\/\/tacklehockey.es\/fr\/wp-json\/wp\/v2\/media\/5122"}],"wp:attachment":[{"href":"https:\/\/tacklehockey.es\/fr\/wp-json\/wp\/v2\/media?parent=2163"}],"wp:term":[{"taxonomy":"product_brand","embeddable":true,"href":"https:\/\/tacklehockey.es\/fr\/wp-json\/wp\/v2\/product_brand?post=2163"},{"taxonomy":"product_cat","embeddable":true,"href":"https:\/\/tacklehockey.es\/fr\/wp-json\/wp\/v2\/product_cat?post=2163"},{"taxonomy":"product_tag","embeddable":true,"href":"https:\/\/tacklehockey.es\/fr\/wp-json\/wp\/v2\/product_tag?post=2163"}],"curies":[{"name":"wp","href":"https:\/\/api.w.org\/{rel}","templated":true}]}}