{"id":2042,"date":"2025-09-12T15:07:09","date_gmt":"2025-09-12T13:07:09","guid":{"rendered":"https:\/\/tacklehockey.migracionesbgweb.com\/producto\/funda-paulie\/"},"modified":"2025-11-07T07:45:52","modified_gmt":"2025-11-07T06:45:52","slug":"funda-paulie","status":"publish","type":"product","link":"https:\/\/tacklehockey.es\/fr\/producto\/funda-paulie\/","title":{"rendered":"Funda PAULIE"},"content":{"rendered":"<p>La funda de palos PAULIE est\u00e1 dise\u00f1ada para jugadores que necesitan una soluci\u00f3n compacta y \u00e1gil para llevar lo esencial.<\/p>\n<p>Con una capacidad de 20 litros, ofrece un almacenamiento eficiente, siendo ligero y f\u00e1cil de transportar.<\/p>\n<p>La correa acolchada para el hombro proporciona comodidad en movimiento, y el compartimento para palos puede albergar hasta 3 unidades, lo que lo convierte en una opci\u00f3n pr\u00e1ctica para entrenar o jugar.<\/p>\n","protected":false},"excerpt":{"rendered":"<p>La funda de palos PAULIE est\u00e1 dise\u00f1ada para jugadores que necesitan una soluci\u00f3n compacta y \u00e1gil para llevar lo esencial. Con una capacidad de 20 litros, ofrece un almacenamiento eficiente, siendo ligero y f\u00e1cil de transportar. La correa acolchada para el hombro proporciona comodidad en movimiento, y el compartimento para palos puede albergar hasta 3 [&hellip;]<\/p>\n","protected":false},"featured_media":5032,"template":"","meta":[],"product_brand":[142],"product_cat":[125,43,33],"product_tag":[],"class_list":{"0":"post-2042","1":"product","2":"type-product","3":"status-publish","4":"has-post-thumbnail","6":"product_brand-gryphon","7":"product_cat-fundas-palos-hockey","8":"product_cat-fundas-hockey","9":"product_cat-outlet","11":"first","12":"instock","13":"sale","14":"purchasable","15":"product-type-variable"},"yoast_head":"<!-- This site is optimized with the Yoast SEO plugin v27.3 - https:\/\/yoast.com\/product\/yoast-seo-wordpress\/ -->\n<title>Funda Paulie | Fundas palos hockey | Tackle Hockey<\/title>\n<meta name=\"description\" content=\"Funda Paulie especialmente dise\u00f1ada para transportar tus palos de Hockey. Disponible en color cielo, rojo y negro. Distribuidores oficiales Gryphon\" \/>\n<meta name=\"robots\" content=\"index, follow, max-snippet:-1, max-image-preview:large, max-video-preview:-1\" \/>\n<link rel=\"canonical\" href=\"https:\/\/tacklehockey.es\/fr\/producto\/funda-paulie\/\" \/>\n<meta property=\"og:locale\" content=\"fr_FR\" \/>\n<meta property=\"og:type\" content=\"article\" \/>\n<meta property=\"og:title\" content=\"Funda Paulie | Fundas palos hockey | Tackle Hockey\" \/>\n<meta property=\"og:description\" content=\"Funda Paulie especialmente dise\u00f1ada para transportar tus palos de Hockey. Disponible en color cielo, rojo y negro. Distribuidores oficiales Gryphon\" \/>\n<meta property=\"og:url\" content=\"https:\/\/tacklehockey.es\/fr\/producto\/funda-paulie\/\" \/>\n<meta property=\"og:site_name\" content=\"Tackle Hockey\" \/>\n<meta property=\"article:modified_time\" content=\"2025-11-07T06:45:52+00:00\" \/>\n<meta property=\"og:image\" content=\"https:\/\/tacklehockey.es\/wp-content\/uploads\/2025\/07\/Funda-Paulie-cielo.jpg\" \/>\n\t<meta property=\"og:image:width\" content=\"800\" \/>\n\t<meta property=\"og:image:height\" content=\"800\" \/>\n\t<meta property=\"og:image:type\" content=\"image\/jpeg\" \/>\n<meta name=\"twitter:card\" content=\"summary_large_image\" \/>\n<meta name=\"twitter:title\" content=\"Funda Paulie | Fundas palos hockey | Tackle Hockey\" \/>\n<meta name=\"twitter:description\" content=\"Funda Paulie especialmente dise\u00f1ada para transportar tus palos de Hockey. Disponible en color cielo, negro y rojo. Distribuidores oficiales de Gryphon en Espa\u00f1a\" \/>\n<meta name=\"twitter:image\" content=\"https:\/\/tacklehockey.es\/wp-content\/uploads\/2025\/07\/Funda-Paulie-cielo.jpg\" \/>\n<meta name=\"twitter:label1\" content=\"Dur\u00e9e de lecture estim\u00e9e\" \/>\n\t<meta name=\"twitter:data1\" content=\"1 minute\" \/>\n<script type=\"application\/ld+json\" class=\"yoast-schema-graph\">{\"@context\":\"https:\\\/\\\/schema.org\",\"@graph\":[{\"@type\":\"WebPage\",\"@id\":\"https:\\\/\\\/tacklehockey.es\\\/fr\\\/producto\\\/funda-paulie\\\/\",\"url\":\"https:\\\/\\\/tacklehockey.es\\\/fr\\\/producto\\\/funda-paulie\\\/\",\"name\":\"Funda Paulie | Fundas palos hockey | Tackle Hockey\",\"isPartOf\":{\"@id\":\"https:\\\/\\\/tacklehockey.es\\\/fr\\\/#website\"},\"primaryImageOfPage\":{\"@id\":\"https:\\\/\\\/tacklehockey.es\\\/fr\\\/producto\\\/funda-paulie\\\/#primaryimage\"},\"image\":{\"@id\":\"https:\\\/\\\/tacklehockey.es\\\/fr\\\/producto\\\/funda-paulie\\\/#primaryimage\"},\"thumbnailUrl\":\"https:\\\/\\\/tacklehockey.es\\\/wp-content\\\/uploads\\\/2025\\\/07\\\/Funda-Paulie-cielo.jpg\",\"datePublished\":\"2025-09-12T13:07:09+00:00\",\"dateModified\":\"2025-11-07T06:45:52+00:00\",\"description\":\"Funda Paulie especialmente dise\u00f1ada para transportar tus palos de Hockey. Disponible en color cielo, rojo y negro. Distribuidores oficiales Gryphon\",\"breadcrumb\":{\"@id\":\"https:\\\/\\\/tacklehockey.es\\\/fr\\\/producto\\\/funda-paulie\\\/#breadcrumb\"},\"inLanguage\":\"fr-FR\",\"potentialAction\":[{\"@type\":\"ReadAction\",\"target\":[\"https:\\\/\\\/tacklehockey.es\\\/fr\\\/producto\\\/funda-paulie\\\/\"]}]},{\"@type\":\"ImageObject\",\"inLanguage\":\"fr-FR\",\"@id\":\"https:\\\/\\\/tacklehockey.es\\\/fr\\\/producto\\\/funda-paulie\\\/#primaryimage\",\"url\":\"https:\\\/\\\/tacklehockey.es\\\/wp-content\\\/uploads\\\/2025\\\/07\\\/Funda-Paulie-cielo.jpg\",\"contentUrl\":\"https:\\\/\\\/tacklehockey.es\\\/wp-content\\\/uploads\\\/2025\\\/07\\\/Funda-Paulie-cielo.jpg\",\"width\":800,\"height\":800,\"caption\":\"Funda Paulie cielo\"},{\"@type\":\"BreadcrumbList\",\"@id\":\"https:\\\/\\\/tacklehockey.es\\\/fr\\\/producto\\\/funda-paulie\\\/#breadcrumb\",\"itemListElement\":[{\"@type\":\"ListItem\",\"position\":1,\"name\":\"Portada\",\"item\":\"https:\\\/\\\/tacklehockey.es\\\/fr\\\/\"},{\"@type\":\"ListItem\",\"position\":2,\"name\":\"Boutique\",\"item\":\"https:\\\/\\\/tacklehockey.es\\\/shop\\\/\"},{\"@type\":\"ListItem\",\"position\":3,\"name\":\"Funda PAULIE\"}]},{\"@type\":\"WebSite\",\"@id\":\"https:\\\/\\\/tacklehockey.es\\\/fr\\\/#website\",\"url\":\"https:\\\/\\\/tacklehockey.es\\\/fr\\\/\",\"name\":\"Tackle Hockey\",\"description\":\"Tienda de art\u00edculos de hockey hierba\",\"potentialAction\":[{\"@type\":\"SearchAction\",\"target\":{\"@type\":\"EntryPoint\",\"urlTemplate\":\"https:\\\/\\\/tacklehockey.es\\\/fr\\\/?s={search_term_string}\"},\"query-input\":{\"@type\":\"PropertyValueSpecification\",\"valueRequired\":true,\"valueName\":\"search_term_string\"}}],\"inLanguage\":\"fr-FR\"}]}<\/script>\n<!-- \/ Yoast SEO plugin. -->","yoast_head_json":{"title":"Funda Paulie | Fundas palos hockey | Tackle Hockey","description":"Funda Paulie especialmente dise\u00f1ada para transportar tus palos de Hockey. Disponible en color cielo, rojo y negro. Distribuidores oficiales Gryphon","robots":{"index":"index","follow":"follow","max-snippet":"max-snippet:-1","max-image-preview":"max-image-preview:large","max-video-preview":"max-video-preview:-1"},"canonical":"https:\/\/tacklehockey.es\/fr\/producto\/funda-paulie\/","og_locale":"fr_FR","og_type":"article","og_title":"Funda Paulie | Fundas palos hockey | Tackle Hockey","og_description":"Funda Paulie especialmente dise\u00f1ada para transportar tus palos de Hockey. Disponible en color cielo, rojo y negro. Distribuidores oficiales Gryphon","og_url":"https:\/\/tacklehockey.es\/fr\/producto\/funda-paulie\/","og_site_name":"Tackle Hockey","article_modified_time":"2025-11-07T06:45:52+00:00","og_image":[{"width":800,"height":800,"url":"https:\/\/tacklehockey.es\/wp-content\/uploads\/2025\/07\/Funda-Paulie-cielo.jpg","type":"image\/jpeg"}],"twitter_card":"summary_large_image","twitter_title":"Funda Paulie | Fundas palos hockey | Tackle Hockey","twitter_description":"Funda Paulie especialmente dise\u00f1ada para transportar tus palos de Hockey. Disponible en color cielo, negro y rojo. Distribuidores oficiales de Gryphon en Espa\u00f1a","twitter_image":"https:\/\/tacklehockey.es\/wp-content\/uploads\/2025\/07\/Funda-Paulie-cielo.jpg","twitter_misc":{"Dur\u00e9e de lecture estim\u00e9e":"1 minute"},"schema":{"@context":"https:\/\/schema.org","@graph":[{"@type":"WebPage","@id":"https:\/\/tacklehockey.es\/fr\/producto\/funda-paulie\/","url":"https:\/\/tacklehockey.es\/fr\/producto\/funda-paulie\/","name":"Funda Paulie | Fundas palos hockey | Tackle Hockey","isPartOf":{"@id":"https:\/\/tacklehockey.es\/fr\/#website"},"primaryImageOfPage":{"@id":"https:\/\/tacklehockey.es\/fr\/producto\/funda-paulie\/#primaryimage"},"image":{"@id":"https:\/\/tacklehockey.es\/fr\/producto\/funda-paulie\/#primaryimage"},"thumbnailUrl":"https:\/\/tacklehockey.es\/wp-content\/uploads\/2025\/07\/Funda-Paulie-cielo.jpg","datePublished":"2025-09-12T13:07:09+00:00","dateModified":"2025-11-07T06:45:52+00:00","description":"Funda Paulie especialmente dise\u00f1ada para transportar tus palos de Hockey. Disponible en color cielo, rojo y negro. Distribuidores oficiales Gryphon","breadcrumb":{"@id":"https:\/\/tacklehockey.es\/fr\/producto\/funda-paulie\/#breadcrumb"},"inLanguage":"fr-FR","potentialAction":[{"@type":"ReadAction","target":["https:\/\/tacklehockey.es\/fr\/producto\/funda-paulie\/"]}]},{"@type":"ImageObject","inLanguage":"fr-FR","@id":"https:\/\/tacklehockey.es\/fr\/producto\/funda-paulie\/#primaryimage","url":"https:\/\/tacklehockey.es\/wp-content\/uploads\/2025\/07\/Funda-Paulie-cielo.jpg","contentUrl":"https:\/\/tacklehockey.es\/wp-content\/uploads\/2025\/07\/Funda-Paulie-cielo.jpg","width":800,"height":800,"caption":"Funda Paulie cielo"},{"@type":"BreadcrumbList","@id":"https:\/\/tacklehockey.es\/fr\/producto\/funda-paulie\/#breadcrumb","itemListElement":[{"@type":"ListItem","position":1,"name":"Portada","item":"https:\/\/tacklehockey.es\/fr\/"},{"@type":"ListItem","position":2,"name":"Boutique","item":"https:\/\/tacklehockey.es\/shop\/"},{"@type":"ListItem","position":3,"name":"Funda PAULIE"}]},{"@type":"WebSite","@id":"https:\/\/tacklehockey.es\/fr\/#website","url":"https:\/\/tacklehockey.es\/fr\/","name":"Tackle Hockey","description":"Tienda de art\u00edculos de hockey hierba","potentialAction":[{"@type":"SearchAction","target":{"@type":"EntryPoint","urlTemplate":"https:\/\/tacklehockey.es\/fr\/?s={search_term_string}"},"query-input":{"@type":"PropertyValueSpecification","valueRequired":true,"valueName":"search_term_string"}}],"inLanguage":"fr-FR"}]}},"_links":{"self":[{"href":"https:\/\/tacklehockey.es\/fr\/wp-json\/wp\/v2\/product\/2042","targetHints":{"allow":["GET"]}}],"collection":[{"href":"https:\/\/tacklehockey.es\/fr\/wp-json\/wp\/v2\/product"}],"about":[{"href":"https:\/\/tacklehockey.es\/fr\/wp-json\/wp\/v2\/types\/product"}],"wp:featuredmedia":[{"embeddable":true,"href":"https:\/\/tacklehockey.es\/fr\/wp-json\/wp\/v2\/media\/5032"}],"wp:attachment":[{"href":"https:\/\/tacklehockey.es\/fr\/wp-json\/wp\/v2\/media?parent=2042"}],"wp:term":[{"taxonomy":"product_brand","embeddable":true,"href":"https:\/\/tacklehockey.es\/fr\/wp-json\/wp\/v2\/product_brand?post=2042"},{"taxonomy":"product_cat","embeddable":true,"href":"https:\/\/tacklehockey.es\/fr\/wp-json\/wp\/v2\/product_cat?post=2042"},{"taxonomy":"product_tag","embeddable":true,"href":"https:\/\/tacklehockey.es\/fr\/wp-json\/wp\/v2\/product_tag?post=2042"}],"curies":[{"name":"wp","href":"https:\/\/api.w.org\/{rel}","templated":true}]}}