{"id":5832,"date":"2025-08-12T12:25:56","date_gmt":"2025-08-12T10:25:56","guid":{"rendered":"https:\/\/tacklehockey.migracionesbgweb.com\/?page_id=5832"},"modified":"2025-08-12T12:25:56","modified_gmt":"2025-08-12T10:25:56","slug":"declaration-daccessibilite","status":"publish","type":"page","link":"https:\/\/tacklehockey.es\/fr\/declaration-daccessibilite\/","title":{"rendered":"D\u00e9claration d\u2019accessibilit\u00e9"},"content":{"rendered":"<p><strong>TACKLE HOCKEY<\/strong> s\u2019engage \u00e0 rendre son site internet accessible conform\u00e9ment au <a href=\"https:\/\/www.boe.es\/diario_boe\/txt.php?id=BOE-A-2018-12699\" target=\"_blank\" rel=\"noopener\">D\u00e9cret royal 1112\/2018, du 7 septembre, relatif \u00e0 l\u2019accessibilit\u00e9 des sites web et des applications mobiles du secteur public<\/a>.<\/p>\n<p>La pr\u00e9sente d\u00e9claration d\u2019accessibilit\u00e9 s\u2019applique au site <strong>tacklehockey.com<\/strong><\/p>\n<h2 style=\"color: #8cc63e; font-size: 20px;\">Statut de conformit\u00e9<\/h2>\n<p>Ce site web est partiellement conforme au RD 1112\/2018 en raison des exceptions et des manquements indiqu\u00e9s ci-dessous.<\/p>\n<h2 style=\"color: #8cc63e; font-size: 20px;\">Contenu non accessible<\/h2>\n<p>Le contenu indiqu\u00e9 ci-dessous n\u2019est pas accessible pour les raisons suivantes :<\/p>\n<h3 style=\"color: #8cc63e; font-size: 20px;\"><span style=\"font-size: 18px; color: #000000;\">Non-conformit\u00e9 avec le RD 1112\/2018<\/span><\/h3>\n<ul>\n<li>Logos et images avec un texte alternatif incorrect ou peu clair, et images complexes sans description textuelle [exigence 9.1.1.1 Contenu non textuel, UNE-EN 301549:2022].<\/li>\n<li>Listes cr\u00e9\u00e9es de mani\u00e8re incorrecte (sans balise de liste), tableaux avec cellules mal \u00e9tiquet\u00e9es et \u00e9tiquettes invisibles sur les \u00e9l\u00e9ments de formulaire [exigence 9.1.3.1 Informations et relations, UNE-EN 301549:2022].<\/li>\n<li>Tableaux non adapt\u00e9s aux petits \u00e9crans et champs de formulaire qui ne s\u2019affichent pas correctement sur petits \u00e9crans [exigence 9.1.4.10 R\u00e9organisation du texte, UNE-EN 301549:2022].<\/li>\n<li>Texte qui ne s\u2019affiche pas correctement lorsque l\u2019espacement et la hauteur de ligne sont modifi\u00e9s [exigence 9.1.4.12 Espacement du texte, UNE-EN 301549:2022].<\/li>\n<li>\u00c9l\u00e9ments non accessibles au clavier, comme les liens vers les r\u00e9seaux sociaux, l\u2019\u00e9diteur de texte des commentaires, les \u00e9l\u00e9ments pour trier les r\u00e9sultats de recherche, la pagination des r\u00e9sultats ou les fl\u00e8ches du calendrier [exigence 9.2.1.1 Clavier, UNE-EN 301549:2022].<\/li>\n<li>\u00c9l\u00e9ments qui ne re\u00e7oivent pas le focus et ne peuvent donc pas \u00eatre utilis\u00e9s avec le clavier [exigence 9.2.4.3 Ordre du focus, UNE-EN 301549:2022].<\/li>\n<li>Liens dont la fonction n\u2019est pas clairement identifi\u00e9e (description inad\u00e9quate, texte trop g\u00e9n\u00e9rique, titre inappropri\u00e9\u2026) [exigence 9.2.4.4 Objectif des liens, UNE-EN 301549:2022].<\/li>\n<li>Titres avec un texte r\u00e9p\u00e9t\u00e9 et\/ou peu descriptif [exigence 9.2.4.6 Titres et \u00e9tiquettes, UNE-EN 301549:2022].<\/li>\n<li>Images, infographies, textes de liens ou de boutons, titres et contenus non traduits dans d\u2019autres langues [exigence 9.3.1.2 Langue des parties, UNE-EN 301549:2022].<\/li>\n<li>Utilisation du m\u00eame ic\u00f4ne pour diff\u00e9rentes fonctions, ce qui cr\u00e9e de la confusion [exigence 9.3.2.4 Identification coh\u00e9rente, UNE-EN 301549:2022].<\/li>\n<li>Messages d\u2019erreur peu descriptifs, absence de regroupement en un seul message et manque de suggestions pour corriger les champs des formulaires [exigence 9.3.3.1 Identification des erreurs, UNE-EN 301549:2022].<\/li>\n<li>Champs obligatoires non signal\u00e9s \u00e0 l\u2019utilisateur, et absence d\u2019exemple textuel du format attendu (ex. : num\u00e9ro d\u2019identit\u00e9) [exigence 9.3.3.2 \u00c9tiquettes et instructions, UNE-EN 301549:2022].<\/li>\n<li>Champs de formulaire indiquant une erreur sans fournir de suggestion de correction [exigence 9.3.3.3 Suggestions en cas d\u2019erreurs, UNE-EN 301549:2022].<\/li>\n<li>Pages avec erreurs de syntaxe, pouvant entra\u00eener une mauvaise interpr\u00e9tation par les technologies d\u2019assistance (IDs dupliqu\u00e9s, balises non ferm\u00e9es, structure incorrecte\u2026) [exigence 9.4.1.1 Traitement, UNE-EN 301549:2022].<\/li>\n<li>Pages o\u00f9 les technologies d\u2019assistance ne peuvent pas obtenir les informations, interagir et conna\u00eetre l\u2019\u00e9tat des contr\u00f4les (messages d\u2019aide, messages d\u2019\u00e9tat, attributs de liens, langue de la page\u2026) non lus par les lecteurs d\u2019\u00e9cran au moment de leur apparition [exigence 9.4.1.2 Nom, r\u00f4le, valeur, UNE-EN 301549:2022].<\/li>\n<li>Des erreurs ponctuelles d\u2019\u00e9dition peuvent exister sur certaines pages.<\/li>\n<\/ul>\n<h3 style=\"color: #8cc63e; font-size: 20px;\"><span style=\"font-size: 18px; color: #000000;\">Charge disproportionn\u00e9e<\/span><\/h3>\n<p>Sans objet.<\/p>\n<h3 style=\"color: #8cc63e; font-size: 20px;\"><span style=\"font-size: 18px; color: #000000;\">Contenu hors du champ d\u2019application de la l\u00e9gislation<\/span><\/h3>\n<p>Il peut exister des documents bureautiques en PDF ou autres formats publi\u00e9s avant le 20 septembre 2018 qui ne respectent pas totalement les exigences d\u2019accessibilit\u00e9, bien que la majorit\u00e9 ait \u00e9t\u00e9 adapt\u00e9e.<\/p>\n<h2 style=\"color: #8cc63e; font-size: 20px;\">Pr\u00e9paration de la pr\u00e9sente d\u00e9claration d\u2019accessibilit\u00e9<\/h2>\n<p>Cette d\u00e9claration a \u00e9t\u00e9 pr\u00e9par\u00e9e le 10\/08\/2025.<\/p>\n<p>La m\u00e9thode utilis\u00e9e pour la pr\u00e9parer est une auto-\u00e9valuation effectu\u00e9e par l\u2019entit\u00e9 elle-m\u00eame.<\/p>\n<p>Derni\u00e8re r\u00e9vision de la d\u00e9claration : 10\/08\/2025.<\/p>\n<h2 style=\"color: #8cc63e; font-size: 20px;\">Communications et demandes d\u2019informations accessibles<\/h2>\n<p>Vous pouvez adresser des communications relatives aux exigences d\u2019accessibilit\u00e9 (article 10.2.a du RD 1112\/2018) telles que :<\/p>\n<ul>\n<li>Signaler tout \u00e9ventuel manquement de ce site web<\/li>\n<li>Faire part de difficult\u00e9s d\u2019acc\u00e8s au contenu<\/li>\n<li>Pr\u00e9senter toute autre question ou suggestion d\u2019am\u00e9lioration concernant l\u2019accessibilit\u00e9<\/li>\n<\/ul>\n<p>Via le <a href=\"https:\/\/tacklehockey.com\/contacto\">formulaire de contact<\/a> suivant, vous pouvez soumettre :<\/p>\n<ul>\n<li>Une plainte relative au respect des exigences du RD 1112\/2018<\/li>\n<li>Une demande d\u2019informations accessibles concernant :\n<ul>\n<li>Contenus exclus du champ d\u2019application du RD 1112\/2018 selon l\u2019article 3, paragraphe 4<\/li>\n<li>Contenus exempt\u00e9s pour cause de charge disproportionn\u00e9e<\/li>\n<\/ul>\n<\/li>\n<\/ul>\n<p>La demande doit pr\u00e9ciser clairement les faits, motifs et objet permettant de v\u00e9rifier qu\u2019il s\u2019agit d\u2019une demande raisonnable et l\u00e9gitime.<\/p>\n<h2 style=\"color: #8cc63e; font-size: 20px;\">Contenu optionnel<\/h2>\n<p>Ce site applique les exigences de la norme UNE-EN 301549:2022, en tenant compte des exceptions du RD 1112\/2018.<\/p>\n<p>La derni\u00e8re r\u00e9vision de l\u2019accessibilit\u00e9 a \u00e9t\u00e9 r\u00e9alis\u00e9e le 10\/08\/2025.<\/p>\n<p>Le site est optimis\u00e9 pour Microsoft Internet Explorer 8.0 ou sup\u00e9rieur et les derni\u00e8res versions de Firefox, Safari, Opera et Google Chrome. La r\u00e9solution minimale recommand\u00e9e est de 1280\u00d71024. Le site est con\u00e7u pour un affichage responsive, optimal sur tablettes et mobiles, et optimis\u00e9 pour les derni\u00e8res versions de Chrome mobile, Firefox mobile, Safari mobile, Opera Mini et le navigateur natif Android.<\/p>\n","protected":false},"excerpt":{"rendered":"<p>TACKLE HOCKEY s\u2019engage \u00e0 rendre son site internet accessible conform\u00e9ment au D\u00e9cret royal 1112\/2018, du 7 septembre, relatif \u00e0 l\u2019accessibilit\u00e9 des sites web et des applications mobiles du secteur public. La pr\u00e9sente d\u00e9claration d\u2019accessibilit\u00e9 s\u2019applique au site tacklehockey.com Statut de conformit\u00e9 Ce site web est partiellement conforme au RD 1112\/2018 en raison des exceptions et [&hellip;]<\/p>\n","protected":false},"author":1,"featured_media":0,"parent":0,"menu_order":0,"comment_status":"closed","ping_status":"open","template":"","meta":{"footnotes":""},"class_list":["post-5832","page","type-page","status-publish","hentry"],"yoast_head":"<!-- This site is optimized with the Yoast SEO plugin v27.3 - https:\/\/yoast.com\/product\/yoast-seo-wordpress\/ -->\n<title>D\u00e9claration d\u2019accessibilit\u00e9 | Tackle Hockey Spain<\/title>\n<meta name=\"description\" content=\"Sur cette page, vous pouvez consulter toutes les informations relatives \u00e0 la D\u00e9claration d\u2019accessibilit\u00e9 de Tackle Hockey. Plus d\u2019informations : info@tacklehockey.com\" \/>\n<meta name=\"robots\" content=\"noindex, nofollow\" \/>\n<meta property=\"og:locale\" content=\"fr_FR\" \/>\n<meta property=\"og:type\" content=\"article\" \/>\n<meta property=\"og:title\" content=\"D\u00e9claration d\u2019accessibilit\u00e9 | Tackle Hockey Spain\" \/>\n<meta property=\"og:description\" content=\"Sur cette page, vous pouvez consulter toutes les informations relatives \u00e0 la D\u00e9claration d\u2019accessibilit\u00e9 de Tackle Hockey. Plus d\u2019informations : info@tacklehockey.com\" \/>\n<meta property=\"og:url\" content=\"https:\/\/tacklehockey.es\/fr\/declaration-daccessibilite\/\" \/>\n<meta property=\"og:site_name\" content=\"Tackle Hockey\" \/>\n<meta name=\"twitter:card\" content=\"summary_large_image\" \/>\n<meta name=\"twitter:label1\" content=\"Dur\u00e9e de lecture estim\u00e9e\" \/>\n\t<meta name=\"twitter:data1\" content=\"4 minutes\" \/>\n<script type=\"application\/ld+json\" class=\"yoast-schema-graph\">{\"@context\":\"https:\\\/\\\/schema.org\",\"@graph\":[{\"@type\":\"WebPage\",\"@id\":\"https:\\\/\\\/tacklehockey.es\\\/fr\\\/declaration-daccessibilite\\\/\",\"url\":\"https:\\\/\\\/tacklehockey.es\\\/fr\\\/declaration-daccessibilite\\\/\",\"name\":\"D\u00e9claration d\u2019accessibilit\u00e9 | Tackle Hockey Spain\",\"isPartOf\":{\"@id\":\"https:\\\/\\\/tacklehockey.es\\\/fr\\\/#website\"},\"datePublished\":\"2025-08-12T10:25:56+00:00\",\"description\":\"Sur cette page, vous pouvez consulter toutes les informations relatives \u00e0 la D\u00e9claration d\u2019accessibilit\u00e9 de Tackle Hockey. Plus d\u2019informations : info@tacklehockey.com\",\"breadcrumb\":{\"@id\":\"https:\\\/\\\/tacklehockey.es\\\/fr\\\/declaration-daccessibilite\\\/#breadcrumb\"},\"inLanguage\":\"fr-FR\",\"potentialAction\":[{\"@type\":\"ReadAction\",\"target\":[\"https:\\\/\\\/tacklehockey.es\\\/fr\\\/declaration-daccessibilite\\\/\"]}]},{\"@type\":\"BreadcrumbList\",\"@id\":\"https:\\\/\\\/tacklehockey.es\\\/fr\\\/declaration-daccessibilite\\\/#breadcrumb\",\"itemListElement\":[{\"@type\":\"ListItem\",\"position\":1,\"name\":\"Portada\",\"item\":\"https:\\\/\\\/tacklehockey.es\\\/fr\\\/\"},{\"@type\":\"ListItem\",\"position\":2,\"name\":\"D\u00e9claration d\u2019accessibilit\u00e9\"}]},{\"@type\":\"WebSite\",\"@id\":\"https:\\\/\\\/tacklehockey.es\\\/fr\\\/#website\",\"url\":\"https:\\\/\\\/tacklehockey.es\\\/fr\\\/\",\"name\":\"Tackle Hockey\",\"description\":\"Tienda de art\u00edculos de hockey hierba\",\"potentialAction\":[{\"@type\":\"SearchAction\",\"target\":{\"@type\":\"EntryPoint\",\"urlTemplate\":\"https:\\\/\\\/tacklehockey.es\\\/fr\\\/?s={search_term_string}\"},\"query-input\":{\"@type\":\"PropertyValueSpecification\",\"valueRequired\":true,\"valueName\":\"search_term_string\"}}],\"inLanguage\":\"fr-FR\"}]}<\/script>\n<!-- \/ Yoast SEO plugin. -->","yoast_head_json":{"title":"D\u00e9claration d\u2019accessibilit\u00e9 | Tackle Hockey Spain","description":"Sur cette page, vous pouvez consulter toutes les informations relatives \u00e0 la D\u00e9claration d\u2019accessibilit\u00e9 de Tackle Hockey. Plus d\u2019informations : info@tacklehockey.com","robots":{"index":"noindex","follow":"nofollow"},"og_locale":"fr_FR","og_type":"article","og_title":"D\u00e9claration d\u2019accessibilit\u00e9 | Tackle Hockey Spain","og_description":"Sur cette page, vous pouvez consulter toutes les informations relatives \u00e0 la D\u00e9claration d\u2019accessibilit\u00e9 de Tackle Hockey. Plus d\u2019informations : info@tacklehockey.com","og_url":"https:\/\/tacklehockey.es\/fr\/declaration-daccessibilite\/","og_site_name":"Tackle Hockey","twitter_card":"summary_large_image","twitter_misc":{"Dur\u00e9e de lecture estim\u00e9e":"4 minutes"},"schema":{"@context":"https:\/\/schema.org","@graph":[{"@type":"WebPage","@id":"https:\/\/tacklehockey.es\/fr\/declaration-daccessibilite\/","url":"https:\/\/tacklehockey.es\/fr\/declaration-daccessibilite\/","name":"D\u00e9claration d\u2019accessibilit\u00e9 | Tackle Hockey Spain","isPartOf":{"@id":"https:\/\/tacklehockey.es\/fr\/#website"},"datePublished":"2025-08-12T10:25:56+00:00","description":"Sur cette page, vous pouvez consulter toutes les informations relatives \u00e0 la D\u00e9claration d\u2019accessibilit\u00e9 de Tackle Hockey. Plus d\u2019informations : info@tacklehockey.com","breadcrumb":{"@id":"https:\/\/tacklehockey.es\/fr\/declaration-daccessibilite\/#breadcrumb"},"inLanguage":"fr-FR","potentialAction":[{"@type":"ReadAction","target":["https:\/\/tacklehockey.es\/fr\/declaration-daccessibilite\/"]}]},{"@type":"BreadcrumbList","@id":"https:\/\/tacklehockey.es\/fr\/declaration-daccessibilite\/#breadcrumb","itemListElement":[{"@type":"ListItem","position":1,"name":"Portada","item":"https:\/\/tacklehockey.es\/fr\/"},{"@type":"ListItem","position":2,"name":"D\u00e9claration d\u2019accessibilit\u00e9"}]},{"@type":"WebSite","@id":"https:\/\/tacklehockey.es\/fr\/#website","url":"https:\/\/tacklehockey.es\/fr\/","name":"Tackle Hockey","description":"Tienda de art\u00edculos de hockey hierba","potentialAction":[{"@type":"SearchAction","target":{"@type":"EntryPoint","urlTemplate":"https:\/\/tacklehockey.es\/fr\/?s={search_term_string}"},"query-input":{"@type":"PropertyValueSpecification","valueRequired":true,"valueName":"search_term_string"}}],"inLanguage":"fr-FR"}]}},"_links":{"self":[{"href":"https:\/\/tacklehockey.es\/fr\/wp-json\/wp\/v2\/pages\/5832","targetHints":{"allow":["GET"]}}],"collection":[{"href":"https:\/\/tacklehockey.es\/fr\/wp-json\/wp\/v2\/pages"}],"about":[{"href":"https:\/\/tacklehockey.es\/fr\/wp-json\/wp\/v2\/types\/page"}],"author":[{"embeddable":true,"href":"https:\/\/tacklehockey.es\/fr\/wp-json\/wp\/v2\/users\/1"}],"replies":[{"embeddable":true,"href":"https:\/\/tacklehockey.es\/fr\/wp-json\/wp\/v2\/comments?post=5832"}],"version-history":[{"count":1,"href":"https:\/\/tacklehockey.es\/fr\/wp-json\/wp\/v2\/pages\/5832\/revisions"}],"predecessor-version":[{"id":5833,"href":"https:\/\/tacklehockey.es\/fr\/wp-json\/wp\/v2\/pages\/5832\/revisions\/5833"}],"wp:attachment":[{"href":"https:\/\/tacklehockey.es\/fr\/wp-json\/wp\/v2\/media?parent=5832"}],"curies":[{"name":"wp","href":"https:\/\/api.w.org\/{rel}","templated":true}]}}